{"id":7512,"date":"2022-12-23T23:44:16","date_gmt":"2022-12-24T02:44:16","guid":{"rendered":"https:\/\/noisedigi.com\/?page_id=7512"},"modified":"2023-07-24T19:03:44","modified_gmt":"2023-07-24T22:03:44","slug":"casos","status":"publish","type":"page","link":"https:\/\/noisedigi.com\/en\/cases\/","title":{"rendered":"Cases"},"content":{"rendered":"<div data-elementor-type=\"wp-page\" data-elementor-id=\"7512\" class=\"elementor elementor-7512\" data-elementor-post-type=\"page\">\n\t\t\t\t\t\t<section class=\"elementor-section elementor-top-section elementor-element elementor-element-74dc4bf elementor-section-full_width elementor-section-height-default elementor-section-height-default\" data-id=\"74dc4bf\" data-element_type=\"section\" data-e-type=\"section\">\n\t\t\t\t\t\t<div class=\"elementor-container elementor-column-gap-no\">\n\t\t\t\t\t<div class=\"elementor-column elementor-col-100 elementor-top-column elementor-element elementor-element-71f3a31\" data-id=\"71f3a31\" data-element_type=\"column\" data-e-type=\"column\">\n\t\t\t<div class=\"elementor-widget-wrap elementor-element-populated\">\n\t\t\t\t\t\t<div class=\"elementor-element elementor-element-9925ef3 elementor-widget elementor-widget-axil-page-title\" data-id=\"9925ef3\" data-element_type=\"widget\" data-e-type=\"widget\" data-widget_type=\"axil-page-title.default\">\n\t\t\t\t<div class=\"elementor-widget-container\">\n\t\t\t\t\t\r\n                <div class=\"breadcrum-area breadcrumb-banner single-breadcrumb\">\r\n                    <div class=\"container\">\r\n                        <div class=\"row align-items-center\">\r\n                            <div class=\"col-lg-6\">\r\n                                <div class=\"section-heading heading-left\" data-sal=\"slide-right\" data-sal-duration=\"1000\" data-sal-delay=\"300\">\r\n                                                                        <h2 class=\"title\">Cases of Success<\/h2> \r\n                                     \r\n                                        \r\n                                <\/div>\r\n                            <\/div>\r\n                            <div class=\"col-lg-6\">\r\n                                                             <\/div>\r\n                        <\/div>\r\n                    <\/div>\r\n                                        <ul class=\"shape-group-8 list-unstyled\">\r\n                                                <li class=\"shape shape-1\" data-sal=\"slide-right\" data-sal-duration=\"500\" data-sal-delay=\"100\">\r\n                           <img decoding=\"async\" src=\"https:\/\/noisedigi.com\/wp-content\/plugins\/axil-elements\/assets\/media\/page-title\/bubble-9.png\" alt=\"\">\r\n                       <\/li>\r\n                                                                                              <li class=\"shape shape-3\" data-sal=\"slide-up\" data-sal-duration=\"500\" data-sal-delay=\"300\">\r\n                           <img decoding=\"async\" src=\"https:\/\/noisedigi.com\/wp-content\/plugins\/axil-elements\/assets\/media\/page-title\/line-4.png\" alt=\"\">\r\n                       <\/li>\r\n                                           <\/ul>\r\n                                    <\/div>\r\n\r\n        \t\t\t\t<\/div>\n\t\t\t\t<\/div>\n\t\t\t\t\t<\/div>\n\t\t<\/div>\n\t\t\t\t\t<\/div>\n\t\t<\/section>\n\t\t\t\t<section class=\"elementor-section elementor-top-section elementor-element elementor-element-a9a2126 elementor-section-boxed elementor-section-height-default elementor-section-height-default\" data-id=\"a9a2126\" data-element_type=\"section\" data-e-type=\"section\">\n\t\t\t\t\t\t<div class=\"elementor-container elementor-column-gap-default\">\n\t\t\t\t\t<div class=\"elementor-column elementor-col-100 elementor-top-column elementor-element elementor-element-7e1ccb8\" data-id=\"7e1ccb8\" data-element_type=\"column\" data-e-type=\"column\">\n\t\t\t<div class=\"elementor-widget-wrap elementor-element-populated\">\n\t\t\t\t\t\t<div class=\"elementor-element elementor-element-52bca58 elementor-widget elementor-widget-spacer\" data-id=\"52bca58\" data-element_type=\"widget\" data-e-type=\"widget\" data-widget_type=\"spacer.default\">\n\t\t\t\t<div class=\"elementor-widget-container\">\n\t\t\t\t\t\t\t<div class=\"elementor-spacer\">\n\t\t\t<div class=\"elementor-spacer-inner\"><\/div>\n\t\t<\/div>\n\t\t\t\t\t\t<\/div>\n\t\t\t\t<\/div>\n\t\t\t\t\t<\/div>\n\t\t<\/div>\n\t\t\t\t\t<\/div>\n\t\t<\/section>\n\t\t\t\t<section class=\"elementor-section elementor-top-section elementor-element elementor-element-30da787 elementor-section-height-min-height elementor-section-items-top elementor-section-boxed elementor-section-height-default\" data-id=\"30da787\" data-element_type=\"section\" data-e-type=\"section\">\n\t\t\t\t\t\t<div class=\"elementor-container elementor-column-gap-default\">\n\t\t\t\t\t<div class=\"elementor-column elementor-col-50 elementor-top-column elementor-element elementor-element-c7a5696\" data-id=\"c7a5696\" data-element_type=\"column\" data-e-type=\"column\">\n\t\t\t<div class=\"elementor-widget-wrap elementor-element-populated\">\n\t\t\t\t\t\t<div class=\"elementor-element elementor-element-42cfb28 elementor-widget elementor-widget-abstrak-casestudy\" data-id=\"42cfb28\" data-element_type=\"widget\" data-e-type=\"widget\" data-widget_type=\"abstrak-casestudy.default\">\n\t\t\t\t<div class=\"elementor-widget-container\">\n\t\t\t\t\t                 \r\n                <div class=\"case-study-featured\">\r\n                    <div class=\"section-heading heading-left\">                                           \r\n                                                <span class=\"subtitle\">Branding &amp; Design<\/span>\r\n                                                <h2 class=\"title\">Florifique<\/h2>\r\n                        <p>Florifique is a flower shop in Rio de Janeiro. The company got in touch because they didn't like the current brand. We were asked to renew the brand to something more cheerful, beautiful and flowery.<\/p>\r\n                        <a class=\"axil-btn btn-fill-primary btn-large\" href=\"https:\/\/noisedigi.com\/en\/casos-de-sucesso\/florifique\/\">See the success story<\/a>                    <\/div>\r\n\r\n                  <div class=\"case-study-counterup\">\r\n                     \r\n                                        <\/div>\r\n                <\/div>                        \r\n \r\n\t\t\t\t\t<\/div>\n\t\t\t\t<\/div>\n\t\t\t\t\t<\/div>\n\t\t<\/div>\n\t\t\t\t<div class=\"elementor-column elementor-col-50 elementor-top-column elementor-element elementor-element-49a4e08\" data-id=\"49a4e08\" data-element_type=\"column\" data-e-type=\"column\" data-settings=\"{&quot;background_background&quot;:&quot;classic&quot;}\">\n\t\t\t<div class=\"elementor-widget-wrap elementor-element-populated\">\n\t\t\t\t\t\t<div class=\"elementor-element elementor-element-fa24523 elementor-widget elementor-widget-image\" data-id=\"fa24523\" data-element_type=\"widget\" data-e-type=\"widget\" data-widget_type=\"image.default\">\n\t\t\t\t<div class=\"elementor-widget-container\">\n\t\t\t\t\t\t\t\t\t\t\t\t\t\t\t\t<a href=\"https:\/\/noisedigi.com\/en\/casos-de-sucesso\/florifique\/\">\n\t\t\t\t\t\t\t<img fetchpriority=\"high\" decoding=\"async\" width=\"553\" height=\"414\" src=\"https:\/\/noisedigi.com\/wp-content\/uploads\/2023\/01\/logoflorifique.jpg\" class=\"attachment-large size-large wp-image-7851\" alt=\"\" srcset=\"https:\/\/noisedigi.com\/wp-content\/uploads\/2023\/01\/logoflorifique.jpg 553w, https:\/\/noisedigi.com\/wp-content\/uploads\/2023\/01\/logoflorifique-300x225.jpg 300w, https:\/\/noisedigi.com\/wp-content\/uploads\/2023\/01\/logoflorifique-16x12.jpg 16w\" sizes=\"(max-width: 553px) 100vw, 553px\" \/>\t\t\t\t\t\t\t\t<\/a>\n\t\t\t\t\t\t\t\t\t\t\t\t\t\t\t<\/div>\n\t\t\t\t<\/div>\n\t\t\t\t\t<\/div>\n\t\t<\/div>\n\t\t\t\t\t<\/div>\n\t\t<\/section>\n\t\t\t\t<section class=\"elementor-section elementor-top-section elementor-element elementor-element-e8628fd elementor-section-height-min-height elementor-section-items-top elementor-section-boxed elementor-section-height-default\" data-id=\"e8628fd\" data-element_type=\"section\" data-e-type=\"section\">\n\t\t\t\t\t\t<div class=\"elementor-container elementor-column-gap-default\">\n\t\t\t\t\t<div class=\"elementor-column elementor-col-50 elementor-top-column elementor-element elementor-element-53179f2\" data-id=\"53179f2\" data-element_type=\"column\" data-e-type=\"column\">\n\t\t\t<div class=\"elementor-widget-wrap elementor-element-populated\">\n\t\t\t\t\t\t<div class=\"elementor-element elementor-element-5e3687c elementor-widget elementor-widget-abstrak-casestudy\" data-id=\"5e3687c\" data-element_type=\"widget\" data-e-type=\"widget\" data-widget_type=\"abstrak-casestudy.default\">\n\t\t\t\t<div class=\"elementor-widget-container\">\n\t\t\t\t\t                 \r\n                <div class=\"case-study-featured\">\r\n                    <div class=\"section-heading heading-left\">                                           \r\n                                                <span class=\"subtitle\">Branding &amp; Design<\/span>\r\n                                                <h2 class=\"title\">Empreendimento da R\u00e9gua Habita<\/h2>\r\n                        <p>Construtora R\u00e9gua Habita is a construction company for residential and non-residential buildings based in Vila Real. Founded in 2019, the company has a prominent position in the building construction sector in Portugal.<\/p>\r\n                        <a class=\"axil-btn btn-fill-primary btn-large\" href=\"https:\/\/noisedigi.com\/en\/casos-de-sucesso\/reguahabita\/\">See the success story<\/a>                    <\/div>\r\n\r\n                  <div class=\"case-study-counterup\">\r\n                     \r\n                                        <\/div>\r\n                <\/div>                        \r\n \r\n\t\t\t\t\t<\/div>\n\t\t\t\t<\/div>\n\t\t\t\t\t<\/div>\n\t\t<\/div>\n\t\t\t\t<div class=\"elementor-column elementor-col-50 elementor-top-column elementor-element elementor-element-743bbaf\" data-id=\"743bbaf\" data-element_type=\"column\" data-e-type=\"column\" data-settings=\"{&quot;background_background&quot;:&quot;classic&quot;}\">\n\t\t\t<div class=\"elementor-widget-wrap elementor-element-populated\">\n\t\t\t\t\t\t<div class=\"elementor-element elementor-element-f75739b elementor-widget elementor-widget-image\" data-id=\"f75739b\" data-element_type=\"widget\" data-e-type=\"widget\" data-widget_type=\"image.default\">\n\t\t\t\t<div class=\"elementor-widget-container\">\n\t\t\t\t\t\t\t\t\t\t\t\t\t\t\t\t<a href=\"https:\/\/noisedigi.com\/en\/casos-de-sucesso\/reguahabita\/\">\n\t\t\t\t\t\t\t<img decoding=\"async\" width=\"640\" height=\"384\" src=\"https:\/\/noisedigi.com\/wp-content\/uploads\/2023\/07\/Logo-cor-1024x614.png\" class=\"attachment-large size-large wp-image-8024\" alt=\"Regua Habita Logomarca\" srcset=\"https:\/\/noisedigi.com\/wp-content\/uploads\/2023\/07\/Logo-cor-1024x614.png 1024w, https:\/\/noisedigi.com\/wp-content\/uploads\/2023\/07\/Logo-cor-300x180.png 300w, https:\/\/noisedigi.com\/wp-content\/uploads\/2023\/07\/Logo-cor-768x461.png 768w, https:\/\/noisedigi.com\/wp-content\/uploads\/2023\/07\/Logo-cor-1536x921.png 1536w, https:\/\/noisedigi.com\/wp-content\/uploads\/2023\/07\/Logo-cor-2048x1229.png 2048w, https:\/\/noisedigi.com\/wp-content\/uploads\/2023\/07\/Logo-cor-18x12.png 18w\" sizes=\"(max-width: 640px) 100vw, 640px\" \/>\t\t\t\t\t\t\t\t<\/a>\n\t\t\t\t\t\t\t\t\t\t\t\t\t\t\t<\/div>\n\t\t\t\t<\/div>\n\t\t\t\t\t<\/div>\n\t\t<\/div>\n\t\t\t\t\t<\/div>\n\t\t<\/section>\n\t\t\t\t<\/div>","protected":false},"excerpt":{"rendered":"<p>Casos de Sucesso Branding &amp; Design Florifique A Florifique \u00e9 uma floricultura no Rio de Janeiro. A empresa entrou em contato porque n\u00e3o gostavam da marca atual. Pediram-nos para renovar a marca para algo mais alegre, bonito e florido. Ver caso de sucesso Branding &amp; Design Empreendimento da R\u00e9gua Habita A Construtora R\u00e9gua Habita \u00e9 [&hellip;]<\/p>","protected":false},"author":3,"featured_media":0,"parent":0,"menu_order":0,"comment_status":"closed","ping_status":"closed","template":"elementor_header_footer","meta":{"inline_featured_image":false,"footnotes":""},"class_list":["post-7512","page","type-page","status-publish","hentry"],"acf":[],"yoast_head":"<!-- This site is optimized with the Yoast SEO plugin v27.5 - https:\/\/yoast.com\/product\/yoast-seo-wordpress\/ -->\n<title>Casos - Noise Solutions<\/title>\n<meta name=\"robots\" content=\"index, follow, max-snippet:-1, max-image-preview:large, max-video-preview:-1\" \/>\n<link rel=\"canonical\" href=\"https:\/\/noisedigi.com\/en\/cases\/\" \/>\n<meta property=\"og:locale\" content=\"en_US\" \/>\n<meta property=\"og:type\" content=\"article\" \/>\n<meta property=\"og:title\" content=\"Casos - Noise Solutions\" \/>\n<meta property=\"og:description\" content=\"Casos de Sucesso Branding &amp; Design Florifique A Florifique \u00e9 uma floricultura no Rio de Janeiro. A empresa entrou em contato porque n\u00e3o gostavam da marca atual. Pediram-nos para renovar a marca para algo mais alegre, bonito e florido. Ver caso de sucesso Branding &amp; Design Empreendimento da R\u00e9gua Habita A Construtora R\u00e9gua Habita \u00e9 [&hellip;]\" \/>\n<meta property=\"og:url\" content=\"https:\/\/noisedigi.com\/en\/cases\/\" \/>\n<meta property=\"og:site_name\" content=\"Noise Solutions\" \/>\n<meta property=\"article:publisher\" content=\"https:\/\/www.facebook.com\/noisedigi\" \/>\n<meta property=\"article:modified_time\" content=\"2023-07-24T22:03:44+00:00\" \/>\n<meta property=\"og:image\" content=\"https:\/\/noisedigi.com\/wp-content\/plugins\/axil-elements\/assets\/media\/page-title\/bubble-9.png\" \/>\n<meta name=\"twitter:card\" content=\"summary_large_image\" \/>\n<meta name=\"twitter:label1\" content=\"Est. reading time\" \/>\n\t<meta name=\"twitter:data1\" content=\"2 minutes\" \/>\n<script type=\"application\/ld+json\" class=\"yoast-schema-graph\">{\"@context\":\"https:\\\/\\\/schema.org\",\"@graph\":[{\"@type\":\"WebPage\",\"@id\":\"https:\\\/\\\/noisedigi.com\\\/cases\\\/\",\"url\":\"https:\\\/\\\/noisedigi.com\\\/cases\\\/\",\"name\":\"Casos - Noise Solutions\",\"isPartOf\":{\"@id\":\"https:\\\/\\\/noisedigi.com\\\/#website\"},\"primaryImageOfPage\":{\"@id\":\"https:\\\/\\\/noisedigi.com\\\/cases\\\/#primaryimage\"},\"image\":{\"@id\":\"https:\\\/\\\/noisedigi.com\\\/cases\\\/#primaryimage\"},\"thumbnailUrl\":\"https:\\\/\\\/noisedigi.com\\\/wp-content\\\/plugins\\\/axil-elements\\\/assets\\\/media\\\/page-title\\\/bubble-9.png\",\"datePublished\":\"2022-12-24T02:44:16+00:00\",\"dateModified\":\"2023-07-24T22:03:44+00:00\",\"breadcrumb\":{\"@id\":\"https:\\\/\\\/noisedigi.com\\\/cases\\\/#breadcrumb\"},\"inLanguage\":\"en-US\",\"potentialAction\":[{\"@type\":\"ReadAction\",\"target\":[\"https:\\\/\\\/noisedigi.com\\\/cases\\\/\"]}]},{\"@type\":\"ImageObject\",\"inLanguage\":\"en-US\",\"@id\":\"https:\\\/\\\/noisedigi.com\\\/cases\\\/#primaryimage\",\"url\":\"https:\\\/\\\/noisedigi.com\\\/wp-content\\\/plugins\\\/axil-elements\\\/assets\\\/media\\\/page-title\\\/bubble-9.png\",\"contentUrl\":\"https:\\\/\\\/noisedigi.com\\\/wp-content\\\/plugins\\\/axil-elements\\\/assets\\\/media\\\/page-title\\\/bubble-9.png\"},{\"@type\":\"BreadcrumbList\",\"@id\":\"https:\\\/\\\/noisedigi.com\\\/cases\\\/#breadcrumb\",\"itemListElement\":[{\"@type\":\"ListItem\",\"position\":1,\"name\":\"In\u00edcio\",\"item\":\"https:\\\/\\\/noisedigi.com\\\/\"},{\"@type\":\"ListItem\",\"position\":2,\"name\":\"Casos\"}]},{\"@type\":\"WebSite\",\"@id\":\"https:\\\/\\\/noisedigi.com\\\/#website\",\"url\":\"https:\\\/\\\/noisedigi.com\\\/\",\"name\":\"Noise Solutions\",\"description\":\"\",\"publisher\":{\"@id\":\"https:\\\/\\\/noisedigi.com\\\/#organization\"},\"potentialAction\":[{\"@type\":\"SearchAction\",\"target\":{\"@type\":\"EntryPoint\",\"urlTemplate\":\"https:\\\/\\\/noisedigi.com\\\/?s={search_term_string}\"},\"query-input\":{\"@type\":\"PropertyValueSpecification\",\"valueRequired\":true,\"valueName\":\"search_term_string\"}}],\"inLanguage\":\"en-US\"},{\"@type\":\"Organization\",\"@id\":\"https:\\\/\\\/noisedigi.com\\\/#organization\",\"name\":\"Noise Solutions\",\"url\":\"https:\\\/\\\/noisedigi.com\\\/\",\"logo\":{\"@type\":\"ImageObject\",\"inLanguage\":\"en-US\",\"@id\":\"https:\\\/\\\/noisedigi.com\\\/#\\\/schema\\\/logo\\\/image\\\/\",\"url\":\"https:\\\/\\\/noisedigi.com\\\/wp-content\\\/uploads\\\/2023\\\/08\\\/logo-compartilhamento.png\",\"contentUrl\":\"https:\\\/\\\/noisedigi.com\\\/wp-content\\\/uploads\\\/2023\\\/08\\\/logo-compartilhamento.png\",\"width\":467,\"height\":262,\"caption\":\"Noise Solutions\"},\"image\":{\"@id\":\"https:\\\/\\\/noisedigi.com\\\/#\\\/schema\\\/logo\\\/image\\\/\"},\"sameAs\":[\"https:\\\/\\\/www.facebook.com\\\/noisedigi\",\"https:\\\/\\\/instagram.com\\\/noisedigi\",\"https:\\\/\\\/www.linkedin.com\\\/company\\\/noise-digi\"]}]}<\/script>\n<!-- \/ Yoast SEO plugin. -->","yoast_head_json":{"title":"Cases of Success","robots":{"index":"index","follow":"follow","max-snippet":"max-snippet:-1","max-image-preview":"max-image-preview:large","max-video-preview":"max-video-preview:-1"},"canonical":"https:\/\/noisedigi.com\/en\/cases\/","og_locale":"en_US","og_type":"article","og_title":"Casos - Noise Solutions","og_description":"Casos de Sucesso Branding &amp; Design Florifique A Florifique \u00e9 uma floricultura no Rio de Janeiro. A empresa entrou em contato porque n\u00e3o gostavam da marca atual. Pediram-nos para renovar a marca para algo mais alegre, bonito e florido. Ver caso de sucesso Branding &amp; Design Empreendimento da R\u00e9gua Habita A Construtora R\u00e9gua Habita \u00e9 [&hellip;]","og_url":"https:\/\/noisedigi.com\/en\/cases\/","og_site_name":"Noise Solutions","article_publisher":"https:\/\/www.facebook.com\/noisedigi","article_modified_time":"2023-07-24T22:03:44+00:00","og_image":[{"url":"https:\/\/noisedigi.com\/wp-content\/plugins\/axil-elements\/assets\/media\/page-title\/bubble-9.png","type":"","width":"","height":""}],"twitter_card":"summary_large_image","twitter_misc":{"Est. reading time":"2 minutes"},"schema":{"@context":"https:\/\/schema.org","@graph":[{"@type":"WebPage","@id":"https:\/\/noisedigi.com\/cases\/","url":"https:\/\/noisedigi.com\/cases\/","name":"Cases of Success","isPartOf":{"@id":"https:\/\/noisedigi.com\/#website"},"primaryImageOfPage":{"@id":"https:\/\/noisedigi.com\/cases\/#primaryimage"},"image":{"@id":"https:\/\/noisedigi.com\/cases\/#primaryimage"},"thumbnailUrl":"https:\/\/noisedigi.com\/wp-content\/plugins\/axil-elements\/assets\/media\/page-title\/bubble-9.png","datePublished":"2022-12-24T02:44:16+00:00","dateModified":"2023-07-24T22:03:44+00:00","breadcrumb":{"@id":"https:\/\/noisedigi.com\/cases\/#breadcrumb"},"inLanguage":"en-US","potentialAction":[{"@type":"ReadAction","target":["https:\/\/noisedigi.com\/cases\/"]}]},{"@type":"ImageObject","inLanguage":"en-US","@id":"https:\/\/noisedigi.com\/cases\/#primaryimage","url":"https:\/\/noisedigi.com\/wp-content\/plugins\/axil-elements\/assets\/media\/page-title\/bubble-9.png","contentUrl":"https:\/\/noisedigi.com\/wp-content\/plugins\/axil-elements\/assets\/media\/page-title\/bubble-9.png"},{"@type":"BreadcrumbList","@id":"https:\/\/noisedigi.com\/cases\/#breadcrumb","itemListElement":[{"@type":"ListItem","position":1,"name":"In\u00edcio","item":"https:\/\/noisedigi.com\/"},{"@type":"ListItem","position":2,"name":"Casos"}]},{"@type":"WebSite","@id":"https:\/\/noisedigi.com\/#website","url":"https:\/\/noisedigi.com\/","name":"Noise Solutions","description":"","publisher":{"@id":"https:\/\/noisedigi.com\/#organization"},"potentialAction":[{"@type":"SearchAction","target":{"@type":"EntryPoint","urlTemplate":"https:\/\/noisedigi.com\/?s={search_term_string}"},"query-input":{"@type":"PropertyValueSpecification","valueRequired":true,"valueName":"search_term_string"}}],"inLanguage":"en-US"},{"@type":"Organization","@id":"https:\/\/noisedigi.com\/#organization","name":"Noise Solutions","url":"https:\/\/noisedigi.com\/","logo":{"@type":"ImageObject","inLanguage":"en-US","@id":"https:\/\/noisedigi.com\/#\/schema\/logo\/image\/","url":"https:\/\/noisedigi.com\/wp-content\/uploads\/2023\/08\/logo-compartilhamento.png","contentUrl":"https:\/\/noisedigi.com\/wp-content\/uploads\/2023\/08\/logo-compartilhamento.png","width":467,"height":262,"caption":"Noise Solutions"},"image":{"@id":"https:\/\/noisedigi.com\/#\/schema\/logo\/image\/"},"sameAs":["https:\/\/www.facebook.com\/noisedigi","https:\/\/instagram.com\/noisedigi","https:\/\/www.linkedin.com\/company\/noise-digi"]}]}},"_links":{"self":[{"href":"https:\/\/noisedigi.com\/en\/wp-json\/wp\/v2\/pages\/7512","targetHints":{"allow":["GET"]}}],"collection":[{"href":"https:\/\/noisedigi.com\/en\/wp-json\/wp\/v2\/pages"}],"about":[{"href":"https:\/\/noisedigi.com\/en\/wp-json\/wp\/v2\/types\/page"}],"author":[{"embeddable":true,"href":"https:\/\/noisedigi.com\/en\/wp-json\/wp\/v2\/users\/3"}],"replies":[{"embeddable":true,"href":"https:\/\/noisedigi.com\/en\/wp-json\/wp\/v2\/comments?post=7512"}],"version-history":[{"count":66,"href":"https:\/\/noisedigi.com\/en\/wp-json\/wp\/v2\/pages\/7512\/revisions"}],"predecessor-version":[{"id":8087,"href":"https:\/\/noisedigi.com\/en\/wp-json\/wp\/v2\/pages\/7512\/revisions\/8087"}],"wp:attachment":[{"href":"https:\/\/noisedigi.com\/en\/wp-json\/wp\/v2\/media?parent=7512"}],"curies":[{"name":"wp","href":"https:\/\/api.w.org\/{rel}","templated":true}]}}