{"id":5586,"date":"2022-11-06T17:20:56","date_gmt":"2022-11-06T20:20:56","guid":{"rendered":"https:\/\/noisedigi.com\/?page_id=5586"},"modified":"2022-11-06T17:29:46","modified_gmt":"2022-11-06T20:29:46","slug":"politica-de-privacidade","status":"publish","type":"page","link":"https:\/\/noisedigi.com\/en\/politica-de-privacidade\/","title":{"rendered":"Pol\u00edtica de privacidade"},"content":{"rendered":"<div data-elementor-type=\"wp-page\" data-elementor-id=\"5586\" class=\"elementor elementor-5586\" data-elementor-post-type=\"page\">\n\t\t\t\t\t\t<section class=\"elementor-section elementor-top-section elementor-element elementor-element-451131de elementor-section-boxed elementor-section-height-default elementor-section-height-default\" data-id=\"451131de\" data-element_type=\"section\" data-e-type=\"section\">\n\t\t\t\t\t\t<div class=\"elementor-container elementor-column-gap-default\">\n\t\t\t\t\t<div class=\"elementor-column elementor-col-100 elementor-top-column elementor-element elementor-element-6a835e70\" data-id=\"6a835e70\" data-element_type=\"column\" data-e-type=\"column\">\n\t\t\t<div class=\"elementor-widget-wrap elementor-element-populated\">\n\t\t\t\t\t\t<div class=\"elementor-element elementor-element-71042026 elementor-widget elementor-widget-text-editor\" data-id=\"71042026\" data-element_type=\"widget\" data-e-type=\"widget\" data-widget_type=\"text-editor.default\">\n\t\t\t\t<div class=\"elementor-widget-container\">\n\t\t\t\t\t\t\t\t\t<p><\/p>\n<div class=\"wow animated fadeInUp\">\n<h4><b>Pol\u00edtica Privacidade<\/b><\/h4>\n<p><span style=\"font-weight: 400;\">Your privacy is important to us. It is Noise Digital Solutions' policy to respect your privacy regarding any information we may collect on the Noise Digital Solutions website, and other websites we own and operate.<\/span><\/p>\n<p><span style=\"font-weight: 400;\">We only ask for personal information when we really need it to provide you with a service. We do this by fair and lawful means, with your knowledge and consent. We also let you know why we are collecting it and how it will be used.<\/span><\/p>\n<p><span style=\"font-weight: 400;\">We only retain collected information for as long as necessary to provide the requested service. When we store data, we protect it within commercially acceptable means to prevent loss and theft, as well as unauthorized access, disclosure, copying, use or modification.<\/span><\/p>\n<p><span style=\"font-weight: 400;\">We do not share personally identifiable information publicly or with third parties, except as required by law.<\/span><\/p>\n<p><span style=\"font-weight: 400;\">Our website may have links to external websites that are not operated by us. Please be aware that we have no control over the content and practices of these sites and cannot accept responsibility for their respective privacy policies.<\/span><\/p>\n<p><span style=\"font-weight: 400;\">You are free to decline our request for personal information, understanding that we may not be able to provide you with some of your desired services.<\/span><\/p>\n<p><span style=\"font-weight: 400;\">Your continued use of our website will be deemed acceptance of our practices around privacy and personal information. If you have any questions about how we handle user data and personal information, please contact us.<\/span><\/p>\n<h4><b>Cookie Policy Noise Digital Solutions<\/b><\/h4>\n<h5><b>What are cookies?<\/b><\/h5>\n<p><span style=\"font-weight: 400;\">As is common practice with almost all professional websites, this website uses cookies, which are small files downloaded to your computer, to improve your experience. This page describes what information they collect, how we use it and why we sometimes need to store these cookies. We will also share how you can prevent these cookies from being stored, however this may downgrade or 'break' certain elements of the site's functionality.<\/span><\/p>\n<h5><b>How do we use cookies?<\/b><\/h5>\n<p><span style=\"font-weight: 400;\">We use cookies for a variety of reasons, detailed below. Unfortunately, in most cases, there are no industry standard options for disabling cookies and completely disabling the functionality and features they add to this website. It is recommended that you leave all cookies out if you are unsure whether or not you need them if they are used to provide a service you use.<\/span><\/p>\n<h5><b>Disable cookies<\/b><\/h5>\n<p><span style=\"font-weight: 400;\">You can prevent the setting of cookies by adjusting your browser settings (see your browser help for how to do this). Please be aware that disabling cookies will affect the functionality of this and many other websites you visit. Disabling cookies will generally result in disabling certain functionality and features of this website. Therefore, it is recommended that you do not disable cookies.<\/span><\/p>\n<h5><b>Cookies we set<\/b><\/h5>\n<ul>\n<li style=\"font-weight: 400;\" aria-level=\"1\"><span style=\"font-weight: 400;\">Account related cookies<\/span><span style=\"font-weight: 400;\"><br \/><\/span><span style=\"font-weight: 400;\"><br \/><\/span><span style=\"font-weight: 400;\">If you create an account with us, we will use cookies for managing the sign-up process and general administration. These cookies are usually deleted when you log out, however in some cases they may remain afterwards to remember your site preferences when you log out.<\/span>\n<p>\u00a0<\/p>\n<\/li>\n<li style=\"font-weight: 400;\" aria-level=\"1\"><span style=\"font-weight: 400;\">Login related cookies<\/span><span style=\"font-weight: 400;\"><br \/><\/span><span style=\"font-weight: 400;\"><br \/><\/span><span style=\"font-weight: 400;\">We use cookies when you are logged in so that we can remember that action. This saves you from having to log in every time you visit a new page. These cookies are normally removed or cleared when you log out to ensure that you can only access restricted features and areas when you log in.<\/span>\n<p>\u00a0<\/p>\n<\/li>\n<li style=\"font-weight: 400;\" aria-level=\"1\"><span style=\"font-weight: 400;\">Cookies related to email newsletters<\/span><span style=\"font-weight: 400;\"><br \/><\/span><span style=\"font-weight: 400;\"><br \/><\/span><span style=\"font-weight: 400;\">This website offers newsletter or email subscription services and cookies may be used to remember whether you are already registered and whether to show certain notifications valid only for subscribed or non-subscribed users.<\/span>\n<p>\u00a0<\/p>\n<\/li>\n<li style=\"font-weight: 400;\" aria-level=\"1\"><span style=\"font-weight: 400;\">Orders processing related cookies<\/span><span style=\"font-weight: 400;\"><br \/><\/span><span style=\"font-weight: 400;\"><br \/><\/span><span style=\"font-weight: 400;\">This website offers e-commerce or payment facilities and some cookies are essential to ensure that your order is remembered between pages so that we can process it properly.<\/span>\n<p>\u00a0<\/p>\n<\/li>\n<li style=\"font-weight: 400;\" aria-level=\"1\"><span style=\"font-weight: 400;\">Search related cookies<\/span><span style=\"font-weight: 400;\"><br \/><\/span><span style=\"font-weight: 400;\"><br \/><\/span><span style=\"font-weight: 400;\">From time to time, we offer surveys and quizzes to provide you with interesting information, useful tools or to understand our user base more accurately. These surveys may use cookies to remember who has already participated in a survey or to provide accurate results after changing pages.<\/span>\n<p>\u00a0<\/p>\n<\/li>\n<li style=\"font-weight: 400;\" aria-level=\"1\"><span style=\"font-weight: 400;\">Form related cookies<\/span><span style=\"font-weight: 400;\"><br \/><\/span><span style=\"font-weight: 400;\"><br \/><\/span><span style=\"font-weight: 400;\">When you submit data via a form such as those found on contact pages or comment forms, cookies may be set to remember your user details for future correspondence.<\/span>\n<p>\u00a0<\/p>\n<\/li>\n<li style=\"font-weight: 400;\" aria-level=\"1\"><span style=\"font-weight: 400;\">Site preference cookies<\/span><span style=\"font-weight: 400;\"><br \/><\/span><span style=\"font-weight: 400;\"><br \/><\/span><span style=\"font-weight: 400;\">In order to provide you with a great experience on this website, we provide functionality to set your preferences for how this website is used.<\/span><\/li>\n<\/ul>\n<h5><b>Cookies de Terceiros<\/b><\/h5>\n<p><span style=\"font-weight: 400;\">Em alguns casos especiais, tamb\u00e9m usamos cookies fornecidos por terceiros confi\u00e1veis. A se\u00e7\u00e3o a seguir detalha quais cookies de terceiros voc\u00ea pode encontrar atrav\u00e9s deste site.<\/span><\/p>\n<ul>\n<li style=\"font-weight: 400;\" aria-level=\"1\"><span style=\"font-weight: 400;\">Este site usa o Google Analytics, que \u00e9 uma das solu\u00e7\u00f5es de an\u00e1lise mais difundidas e confi\u00e1veis da Web, para nos ajudar a entender como voc\u00ea usa o site e como podemos melhorar sua experi\u00eancia. Esses cookies podem rastrear itens como quanto tempo voc\u00ea gasta no site e as p\u00e1ginas visitadas, para que possamos continuar produzindo conte\u00fado atraente.<\/span><\/li>\n<\/ul>\n<p><span style=\"font-weight: 400;\">Para mais informa\u00e7\u00f5es sobre as cookies do Google Analytics, consulte a p\u00e1gina oficial do Google Analytics.<\/span><\/p>\n<ul>\n<li style=\"font-weight: 400;\" aria-level=\"1\"><span style=\"font-weight: 400;\">As an\u00e1lises de terceiros s\u00e3o usadas para rastrear e medir o uso deste site, para que possamos continuar produzindo conte\u00fado atrativo. Esses cookies podem rastrear itens como o tempo que voc\u00ea passa no site ou as p\u00e1ginas visitadas, o que nos ajuda a entender como podemos melhorar o site para voc\u00ea.<\/span><\/li>\n<li style=\"font-weight: 400;\" aria-level=\"1\"><span style=\"font-weight: 400;\">Periodicamente, testamos novos recursos e fazemos altera\u00e7\u00f5es sutis na maneira como o site se apresenta. Quando ainda estamos testando novos recursos, esses cookies podem ser usados para garantir que voc\u00ea receba uma experi\u00eancia consistente enquanto estiver no site, enquanto entendemos quais otimiza\u00e7\u00f5es os nossos usu\u00e1rios mais apreciam.<\/span><\/li>\n<li style=\"font-weight: 400;\" aria-level=\"1\"><span style=\"font-weight: 400;\">\u00c0 medida que vendemos produtos, \u00e9 importante entendermos as estat\u00edsticas sobre quantos visitantes de nosso site realmente compram e, portanto, esse \u00e9 o tipo de dados que esses cookies rastrearam. Isso \u00e9 importante para voc\u00ea, pois significa que podemos fazer previs\u00f5es de neg\u00f3cios com precis\u00e3o que nos permitem analisar nossos custos de publicidade e produtos para garantir o melhor pre\u00e7o poss\u00edvel.<\/span><\/li>\n<\/ul>\n<h5><b>Compromisso do Usu\u00e1rio<\/b><\/h5>\n<p><span style=\"font-weight: 400;\">O usu\u00e1rio se compromete a fazer uso adequado dos conte\u00fados e da informa\u00e7\u00e3o que o Noise Digital Solutions oferece no site e com car\u00e1ter enunciativo, mas n\u00e3o limitativo:<\/span><\/p>\n<ul>\n<li style=\"font-weight: 400;\" aria-level=\"1\"><span style=\"font-weight: 400;\">A) N\u00e3o se envolver em atividades que sejam ilegais ou contr\u00e1rias \u00e0 boa f\u00e9 a \u00e0 ordem p\u00fablica;<\/span><\/li>\n<li style=\"font-weight: 400;\" aria-level=\"1\"><span style=\"font-weight: 400;\">B) N\u00e3o difundir propaganda ou conte\u00fado de natureza racista, xenof\u00f3bica, casas de apostas ou azar, qualquer tipo de pornografia ilegal, de apologia ao terrorismo ou contra os direitos humanos;<\/span><\/li>\n<li style=\"font-weight: 400;\" aria-level=\"1\"><span style=\"font-weight: 400;\">C) N\u00e3o causar danos aos sistemas f\u00edsicos (hardwares) e l\u00f3gicos (softwares) do Noise Digital Solutions, de seus fornecedores ou terceiros, para introduzir ou disseminar v\u00edrus inform\u00e1ticos ou quaisquer outros sistemas de hardware ou software que sejam capazes de causar danos anteriormente mencionados.<\/span><\/li>\n<\/ul>\n<h5><b>Mais informa\u00e7\u00f5es<\/b><\/h5>\n<p><span style=\"font-weight: 400;\">Esperemos que esteja esclarecido e, como mencionado anteriormente, se houver algo que voc\u00ea n\u00e3o tem certeza se precisa ou n\u00e3o, geralmente \u00e9 mais seguro deixar os cookies ativados, caso interaja com um dos recursos que voc\u00ea usa em nosso site.<\/span><\/p>\n<p><span style=\"font-weight: 400;\"><i>Esta pol\u00edtica \u00e9 efetiva a partir de 28 outubro 2022 11:39<\/i><\/span><\/p>\n<\/div>\n<p><\/p>\t\t\t\t\t\t\t\t<\/div>\n\t\t\t\t<\/div>\n\t\t\t\t\t<\/div>\n\t\t<\/div>\n\t\t\t\t\t<\/div>\n\t\t<\/section>\n\t\t\t\t<\/div>","protected":false},"excerpt":{"rendered":"<p>Pol\u00edtica Privacidade A sua privacidade \u00e9 importante para n\u00f3s. \u00c9 pol\u00edtica do Noise Digital Solutions respeitar a sua privacidade em rela\u00e7\u00e3o a qualquer informa\u00e7\u00e3o que possamos coletar no site Noise Digital Solutions, e outros sites que possu\u00edmos e operamos. Solicitamos informa\u00e7\u00f5es pessoais apenas quando realmente precisamos delas para lhe fornecer um servi\u00e7o. Fazemo-lo por meios [&hellip;]<\/p>","protected":false},"author":3,"featured_media":0,"parent":0,"menu_order":0,"comment_status":"closed","ping_status":"closed","template":"","meta":{"inline_featured_image":false,"footnotes":""},"class_list":["post-5586","page","type-page","status-publish","hentry"],"acf":[],"yoast_head":"<!-- This site is optimized with the Yoast SEO plugin v27.5 - https:\/\/yoast.com\/product\/yoast-seo-wordpress\/ -->\n<title>Pol\u00edtica de privacidade - Noise Solutions<\/title>\n<meta name=\"robots\" content=\"index, follow, max-snippet:-1, max-image-preview:large, max-video-preview:-1\" \/>\n<link rel=\"canonical\" href=\"https:\/\/noisedigi.com\/en\/politica-de-privacidade\/\" \/>\n<meta property=\"og:locale\" content=\"en_US\" \/>\n<meta property=\"og:type\" content=\"article\" \/>\n<meta property=\"og:title\" content=\"Pol\u00edtica de privacidade - Noise Solutions\" \/>\n<meta property=\"og:description\" content=\"Pol\u00edtica Privacidade A sua privacidade \u00e9 importante para n\u00f3s. \u00c9 pol\u00edtica do Noise Digital Solutions respeitar a sua privacidade em rela\u00e7\u00e3o a qualquer informa\u00e7\u00e3o que possamos coletar no site Noise Digital Solutions, e outros sites que possu\u00edmos e operamos. Solicitamos informa\u00e7\u00f5es pessoais apenas quando realmente precisamos delas para lhe fornecer um servi\u00e7o. Fazemo-lo por meios [&hellip;]\" \/>\n<meta property=\"og:url\" content=\"https:\/\/noisedigi.com\/en\/politica-de-privacidade\/\" \/>\n<meta property=\"og:site_name\" content=\"Noise Solutions\" \/>\n<meta property=\"article:publisher\" content=\"https:\/\/www.facebook.com\/noisedigi\" \/>\n<meta property=\"article:modified_time\" content=\"2022-11-06T20:29:46+00:00\" \/>\n<meta name=\"twitter:card\" content=\"summary_large_image\" \/>\n<meta name=\"twitter:label1\" content=\"Est. reading time\" \/>\n\t<meta name=\"twitter:data1\" content=\"7 minutes\" \/>\n<script type=\"application\/ld+json\" class=\"yoast-schema-graph\">{\"@context\":\"https:\\\/\\\/schema.org\",\"@graph\":[{\"@type\":\"WebPage\",\"@id\":\"https:\\\/\\\/noisedigi.com\\\/politica-de-privacidade\\\/\",\"url\":\"https:\\\/\\\/noisedigi.com\\\/politica-de-privacidade\\\/\",\"name\":\"Pol\u00edtica de privacidade - Noise Solutions\",\"isPartOf\":{\"@id\":\"https:\\\/\\\/noisedigi.com\\\/#website\"},\"datePublished\":\"2022-11-06T20:20:56+00:00\",\"dateModified\":\"2022-11-06T20:29:46+00:00\",\"breadcrumb\":{\"@id\":\"https:\\\/\\\/noisedigi.com\\\/politica-de-privacidade\\\/#breadcrumb\"},\"inLanguage\":\"en-US\",\"potentialAction\":[{\"@type\":\"ReadAction\",\"target\":[\"https:\\\/\\\/noisedigi.com\\\/politica-de-privacidade\\\/\"]}]},{\"@type\":\"BreadcrumbList\",\"@id\":\"https:\\\/\\\/noisedigi.com\\\/politica-de-privacidade\\\/#breadcrumb\",\"itemListElement\":[{\"@type\":\"ListItem\",\"position\":1,\"name\":\"In\u00edcio\",\"item\":\"https:\\\/\\\/noisedigi.com\\\/\"},{\"@type\":\"ListItem\",\"position\":2,\"name\":\"Pol\u00edtica de privacidade\"}]},{\"@type\":\"WebSite\",\"@id\":\"https:\\\/\\\/noisedigi.com\\\/#website\",\"url\":\"https:\\\/\\\/noisedigi.com\\\/\",\"name\":\"Noise Solutions\",\"description\":\"\",\"publisher\":{\"@id\":\"https:\\\/\\\/noisedigi.com\\\/#organization\"},\"potentialAction\":[{\"@type\":\"SearchAction\",\"target\":{\"@type\":\"EntryPoint\",\"urlTemplate\":\"https:\\\/\\\/noisedigi.com\\\/?s={search_term_string}\"},\"query-input\":{\"@type\":\"PropertyValueSpecification\",\"valueRequired\":true,\"valueName\":\"search_term_string\"}}],\"inLanguage\":\"en-US\"},{\"@type\":\"Organization\",\"@id\":\"https:\\\/\\\/noisedigi.com\\\/#organization\",\"name\":\"Noise Solutions\",\"url\":\"https:\\\/\\\/noisedigi.com\\\/\",\"logo\":{\"@type\":\"ImageObject\",\"inLanguage\":\"en-US\",\"@id\":\"https:\\\/\\\/noisedigi.com\\\/#\\\/schema\\\/logo\\\/image\\\/\",\"url\":\"https:\\\/\\\/noisedigi.com\\\/wp-content\\\/uploads\\\/2023\\\/08\\\/logo-compartilhamento.png\",\"contentUrl\":\"https:\\\/\\\/noisedigi.com\\\/wp-content\\\/uploads\\\/2023\\\/08\\\/logo-compartilhamento.png\",\"width\":467,\"height\":262,\"caption\":\"Noise Solutions\"},\"image\":{\"@id\":\"https:\\\/\\\/noisedigi.com\\\/#\\\/schema\\\/logo\\\/image\\\/\"},\"sameAs\":[\"https:\\\/\\\/www.facebook.com\\\/noisedigi\",\"https:\\\/\\\/instagram.com\\\/noisedigi\",\"https:\\\/\\\/www.linkedin.com\\\/company\\\/noise-digi\"]}]}<\/script>\n<!-- \/ Yoast SEO plugin. -->","yoast_head_json":{"title":"Pol\u00edtica de privacidade - Noise Solutions","robots":{"index":"index","follow":"follow","max-snippet":"max-snippet:-1","max-image-preview":"max-image-preview:large","max-video-preview":"max-video-preview:-1"},"canonical":"https:\/\/noisedigi.com\/en\/politica-de-privacidade\/","og_locale":"en_US","og_type":"article","og_title":"Pol\u00edtica de privacidade - Noise Solutions","og_description":"Pol\u00edtica Privacidade A sua privacidade \u00e9 importante para n\u00f3s. \u00c9 pol\u00edtica do Noise Digital Solutions respeitar a sua privacidade em rela\u00e7\u00e3o a qualquer informa\u00e7\u00e3o que possamos coletar no site Noise Digital Solutions, e outros sites que possu\u00edmos e operamos. Solicitamos informa\u00e7\u00f5es pessoais apenas quando realmente precisamos delas para lhe fornecer um servi\u00e7o. Fazemo-lo por meios [&hellip;]","og_url":"https:\/\/noisedigi.com\/en\/politica-de-privacidade\/","og_site_name":"Noise Solutions","article_publisher":"https:\/\/www.facebook.com\/noisedigi","article_modified_time":"2022-11-06T20:29:46+00:00","twitter_card":"summary_large_image","twitter_misc":{"Est. reading time":"7 minutes"},"schema":{"@context":"https:\/\/schema.org","@graph":[{"@type":"WebPage","@id":"https:\/\/noisedigi.com\/politica-de-privacidade\/","url":"https:\/\/noisedigi.com\/politica-de-privacidade\/","name":"Pol\u00edtica de privacidade - Noise Solutions","isPartOf":{"@id":"https:\/\/noisedigi.com\/#website"},"datePublished":"2022-11-06T20:20:56+00:00","dateModified":"2022-11-06T20:29:46+00:00","breadcrumb":{"@id":"https:\/\/noisedigi.com\/politica-de-privacidade\/#breadcrumb"},"inLanguage":"en-US","potentialAction":[{"@type":"ReadAction","target":["https:\/\/noisedigi.com\/politica-de-privacidade\/"]}]},{"@type":"BreadcrumbList","@id":"https:\/\/noisedigi.com\/politica-de-privacidade\/#breadcrumb","itemListElement":[{"@type":"ListItem","position":1,"name":"In\u00edcio","item":"https:\/\/noisedigi.com\/"},{"@type":"ListItem","position":2,"name":"Pol\u00edtica de privacidade"}]},{"@type":"WebSite","@id":"https:\/\/noisedigi.com\/#website","url":"https:\/\/noisedigi.com\/","name":"Noise Solutions","description":"","publisher":{"@id":"https:\/\/noisedigi.com\/#organization"},"potentialAction":[{"@type":"SearchAction","target":{"@type":"EntryPoint","urlTemplate":"https:\/\/noisedigi.com\/?s={search_term_string}"},"query-input":{"@type":"PropertyValueSpecification","valueRequired":true,"valueName":"search_term_string"}}],"inLanguage":"en-US"},{"@type":"Organization","@id":"https:\/\/noisedigi.com\/#organization","name":"Noise Solutions","url":"https:\/\/noisedigi.com\/","logo":{"@type":"ImageObject","inLanguage":"en-US","@id":"https:\/\/noisedigi.com\/#\/schema\/logo\/image\/","url":"https:\/\/noisedigi.com\/wp-content\/uploads\/2023\/08\/logo-compartilhamento.png","contentUrl":"https:\/\/noisedigi.com\/wp-content\/uploads\/2023\/08\/logo-compartilhamento.png","width":467,"height":262,"caption":"Noise Solutions"},"image":{"@id":"https:\/\/noisedigi.com\/#\/schema\/logo\/image\/"},"sameAs":["https:\/\/www.facebook.com\/noisedigi","https:\/\/instagram.com\/noisedigi","https:\/\/www.linkedin.com\/company\/noise-digi"]}]}},"_links":{"self":[{"href":"https:\/\/noisedigi.com\/en\/wp-json\/wp\/v2\/pages\/5586","targetHints":{"allow":["GET"]}}],"collection":[{"href":"https:\/\/noisedigi.com\/en\/wp-json\/wp\/v2\/pages"}],"about":[{"href":"https:\/\/noisedigi.com\/en\/wp-json\/wp\/v2\/types\/page"}],"author":[{"embeddable":true,"href":"https:\/\/noisedigi.com\/en\/wp-json\/wp\/v2\/users\/3"}],"replies":[{"embeddable":true,"href":"https:\/\/noisedigi.com\/en\/wp-json\/wp\/v2\/comments?post=5586"}],"version-history":[{"count":0,"href":"https:\/\/noisedigi.com\/en\/wp-json\/wp\/v2\/pages\/5586\/revisions"}],"wp:attachment":[{"href":"https:\/\/noisedigi.com\/en\/wp-json\/wp\/v2\/media?parent=5586"}],"curies":[{"name":"wp","href":"https:\/\/api.w.org\/{rel}","templated":true}]}}