{"id":4081,"date":"2022-11-06T15:42:52","date_gmt":"2022-11-06T18:42:52","guid":{"rendered":"https:\/\/axilthemes.com\/themes\/abstrak\/?page_id=4081"},"modified":"2022-11-06T15:47:44","modified_gmt":"2022-11-06T18:47:44","slug":"termos-e-condicoes","status":"publish","type":"page","link":"https:\/\/noisedigi.com\/en\/terms-and-conditions\/","title":{"rendered":"Terms and conditions"},"content":{"rendered":"<div data-elementor-type=\"wp-page\" data-elementor-id=\"4081\" class=\"elementor elementor-4081\" data-elementor-post-type=\"page\">\n\t\t\t\t\t\t<section class=\"elementor-section elementor-top-section elementor-element elementor-element-451131de elementor-section-boxed elementor-section-height-default elementor-section-height-default\" data-id=\"451131de\" data-element_type=\"section\" data-e-type=\"section\">\n\t\t\t\t\t\t<div class=\"elementor-container elementor-column-gap-default\">\n\t\t\t\t\t<div class=\"elementor-column elementor-col-100 elementor-top-column elementor-element elementor-element-6a835e70\" data-id=\"6a835e70\" data-element_type=\"column\" data-e-type=\"column\">\n\t\t\t<div class=\"elementor-widget-wrap elementor-element-populated\">\n\t\t\t\t\t\t<div class=\"elementor-element elementor-element-71042026 elementor-widget elementor-widget-text-editor\" data-id=\"71042026\" data-element_type=\"widget\" data-e-type=\"widget\" data-widget_type=\"text-editor.default\">\n\t\t\t\t<div class=\"elementor-widget-container\">\n\t\t\t\t\t\t\t\t\t\n<div class=\"wow animated fadeInUp\">\n<p class=\"text mt-3\"><b>Privacy Policy<\/b><\/p>\n<p>We guarantee that visitors to this website (\u201cUsers\u201d) respect their privacy. The visit to the website by itself does not automatically imply the registration of any personal data that identifies the User. However, in some cases, the use of the website will necessarily have to provide personal data. This Privacy Policy and Cookies Policy is an integral part of the Terms of Use of the Site and governs the collection and processing of personal data provided by Users, as well as the exercise of their rights with respect to such data, in accordance with the legislation in force. force.<\/p>\n<\/div>\n<div class=\"wow animated fadeInUp\">\n<p class=\"text mt-3\"><b>Data Collection and Processing<\/b><\/p>\n<p>Users' personal data will be collected and processed by Noise Digital, as the entity responsible for data processing. The personal data collected will be processed and stored in a computerized form by Noise Digital to manage requests for contact and clarification, in particular, to respond to them. If you fill out the contact form on the website, you will be asked for the following personal data: name, email and telephone. The personal data collected will be kept in such a way that they can be identified only for the period necessary to carry out the purposes of collection or further processing, at the end of which they will be permanently deleted. Noise Digital assumes that the data collected was entered by its owner or that its insertion was authorized by the same, being true, accurate and current.<\/p>\n<\/div>\n<div class=\"wow animated fadeInUp\">\n<p class=\"text mt-3\"><b>Security measures<\/b><\/p>\n<p>Noise Digital makes every effort to protect Users' personal data against unauthorized access via the Internet. To this end, it uses security systems, rules and other procedures to ensure the protection of Users' personal data, as well as to prevent unauthorized access to data, its misuse, disclosure, loss or destruction. It is, however, your responsibility to ensure and ensure that the computer you are using is adequately protected from harmful software, viruses and worms. Furthermore, you should be aware that without adopting appropriate security measures (for example, safe configuration of the browser, updated antivirus software, security barrier software and not using software of dubious origin), the The risk of personal data and passwords being accessed by third parties without authorization is increased. It should be noted, however, that where data collection takes place over open networks such as the Internet, although in rare cases your data may be insecure and may be viewed and used by unauthorized third parties.<\/p>\n<\/div>\n<div class=\"wow animated fadeInUp\">\n<p class=\"text mt-3\"><b>Cookies<\/b><\/p>\n<p>The cookie is information automatically placed on the computer's hard drives when certain websites or applications are accessed. The cookie only identifies your browser program on the server. Cookies allow the storage of information on the server to improve users' browsing experiences and to analyze and review website performance. Most browser programs are set to accept cookies, although it is possible to set your browser to refuse all cookies or to indicate when a cookie is being sent. Please note, however, that some parts of our website may not function properly if you refuse to accept cookies. Cookies and other instant tracking technologies do not automatically collect personal data about you. In cases where you voluntarily provide this type of information by completing your registration in the Contact Form, these technologies may be used to obtain more information about the use of the Site and \/ or promote interaction via email, in order to provide greater usefulness to the user. [For more information, see the Cookie Policy, which includes a description of cookie categories and information on how to manage cookies.]<\/p>\n<\/div>\n<div class=\"wow animated fadeInUp\">\n<p class=\"text mt-3\"><b>Changes to the Privacy Policy<\/b><\/p>\n<p>Noise Digital reserves the right, at any time, without prior notice and with immediate effect, to change, add or revoke, partially or totally, this Privacy Policy. Any changes will be published immediately on this same page online, so we advise you to check this page regularly to stay up to date.<\/p>\n<\/div>\n\t\t\t\t\t\t\t\t<\/div>\n\t\t\t\t<\/div>\n\t\t\t\t\t<\/div>\n\t\t<\/div>\n\t\t\t\t\t<\/div>\n\t\t<\/section>\n\t\t\t\t<\/div>","protected":false},"excerpt":{"rendered":"<p>Pol\u00edtica de Privacidade Garantimos aos visitantes deste site (&#8220;Usu\u00e1rios&#8221;) o respeito \u00e0 sua privacidade. A visita ao site por si s\u00f3 n\u00e3o implica o registro, automaticamente, de nenhum dado pessoal que identifique o Usu\u00e1rio. No entanto, em alguns casos, o uso do site necessariamente ter\u00e1 que disponibilizar dados pessoais. Esta Pol\u00edtica de Privacidade e Pol\u00edtica [&hellip;]<\/p>","protected":false},"author":3,"featured_media":0,"parent":0,"menu_order":0,"comment_status":"closed","ping_status":"closed","template":"","meta":{"inline_featured_image":false,"footnotes":""},"class_list":["post-4081","page","type-page","status-publish","hentry"],"acf":[],"yoast_head":"<!-- This site is optimized with the Yoast SEO plugin v27.5 - https:\/\/yoast.com\/product\/yoast-seo-wordpress\/ -->\n<title>Termos e Condi\u00e7\u00f5es - Noise Solutions<\/title>\n<meta name=\"robots\" content=\"index, follow, max-snippet:-1, max-image-preview:large, max-video-preview:-1\" \/>\n<link rel=\"canonical\" href=\"https:\/\/noisedigi.com\/en\/terms-and-conditions\/\" \/>\n<meta property=\"og:locale\" content=\"en_US\" \/>\n<meta property=\"og:type\" content=\"article\" \/>\n<meta property=\"og:title\" content=\"Termos e Condi\u00e7\u00f5es - Noise Solutions\" \/>\n<meta property=\"og:description\" content=\"Pol\u00edtica de Privacidade Garantimos aos visitantes deste site (&#8220;Usu\u00e1rios&#8221;) o respeito \u00e0 sua privacidade. A visita ao site por si s\u00f3 n\u00e3o implica o registro, automaticamente, de nenhum dado pessoal que identifique o Usu\u00e1rio. No entanto, em alguns casos, o uso do site necessariamente ter\u00e1 que disponibilizar dados pessoais. Esta Pol\u00edtica de Privacidade e Pol\u00edtica [&hellip;]\" \/>\n<meta property=\"og:url\" content=\"https:\/\/noisedigi.com\/en\/terms-and-conditions\/\" \/>\n<meta property=\"og:site_name\" content=\"Noise Solutions\" \/>\n<meta property=\"article:publisher\" content=\"https:\/\/www.facebook.com\/noisedigi\" \/>\n<meta property=\"article:modified_time\" content=\"2022-11-06T18:47:44+00:00\" \/>\n<meta name=\"twitter:card\" content=\"summary_large_image\" \/>\n<meta name=\"twitter:label1\" content=\"Est. reading time\" \/>\n\t<meta name=\"twitter:data1\" content=\"4 minutes\" \/>\n<script type=\"application\/ld+json\" class=\"yoast-schema-graph\">{\"@context\":\"https:\\\/\\\/schema.org\",\"@graph\":[{\"@type\":\"WebPage\",\"@id\":\"https:\\\/\\\/noisedigi.com\\\/termos-e-condicoes\\\/\",\"url\":\"https:\\\/\\\/noisedigi.com\\\/termos-e-condicoes\\\/\",\"name\":\"Termos e Condi\u00e7\u00f5es - Noise Solutions\",\"isPartOf\":{\"@id\":\"https:\\\/\\\/noisedigi.com\\\/#website\"},\"datePublished\":\"2022-11-06T18:42:52+00:00\",\"dateModified\":\"2022-11-06T18:47:44+00:00\",\"breadcrumb\":{\"@id\":\"https:\\\/\\\/noisedigi.com\\\/termos-e-condicoes\\\/#breadcrumb\"},\"inLanguage\":\"en-US\",\"potentialAction\":[{\"@type\":\"ReadAction\",\"target\":[\"https:\\\/\\\/noisedigi.com\\\/termos-e-condicoes\\\/\"]}]},{\"@type\":\"BreadcrumbList\",\"@id\":\"https:\\\/\\\/noisedigi.com\\\/termos-e-condicoes\\\/#breadcrumb\",\"itemListElement\":[{\"@type\":\"ListItem\",\"position\":1,\"name\":\"In\u00edcio\",\"item\":\"https:\\\/\\\/noisedigi.com\\\/\"},{\"@type\":\"ListItem\",\"position\":2,\"name\":\"Termos e Condi\u00e7\u00f5es\"}]},{\"@type\":\"WebSite\",\"@id\":\"https:\\\/\\\/noisedigi.com\\\/#website\",\"url\":\"https:\\\/\\\/noisedigi.com\\\/\",\"name\":\"Noise Solutions\",\"description\":\"\",\"publisher\":{\"@id\":\"https:\\\/\\\/noisedigi.com\\\/#organization\"},\"potentialAction\":[{\"@type\":\"SearchAction\",\"target\":{\"@type\":\"EntryPoint\",\"urlTemplate\":\"https:\\\/\\\/noisedigi.com\\\/?s={search_term_string}\"},\"query-input\":{\"@type\":\"PropertyValueSpecification\",\"valueRequired\":true,\"valueName\":\"search_term_string\"}}],\"inLanguage\":\"en-US\"},{\"@type\":\"Organization\",\"@id\":\"https:\\\/\\\/noisedigi.com\\\/#organization\",\"name\":\"Noise Solutions\",\"url\":\"https:\\\/\\\/noisedigi.com\\\/\",\"logo\":{\"@type\":\"ImageObject\",\"inLanguage\":\"en-US\",\"@id\":\"https:\\\/\\\/noisedigi.com\\\/#\\\/schema\\\/logo\\\/image\\\/\",\"url\":\"https:\\\/\\\/noisedigi.com\\\/wp-content\\\/uploads\\\/2023\\\/08\\\/logo-compartilhamento.png\",\"contentUrl\":\"https:\\\/\\\/noisedigi.com\\\/wp-content\\\/uploads\\\/2023\\\/08\\\/logo-compartilhamento.png\",\"width\":467,\"height\":262,\"caption\":\"Noise Solutions\"},\"image\":{\"@id\":\"https:\\\/\\\/noisedigi.com\\\/#\\\/schema\\\/logo\\\/image\\\/\"},\"sameAs\":[\"https:\\\/\\\/www.facebook.com\\\/noisedigi\",\"https:\\\/\\\/instagram.com\\\/noisedigi\",\"https:\\\/\\\/www.linkedin.com\\\/company\\\/noise-digi\"]}]}<\/script>\n<!-- \/ Yoast SEO plugin. -->","yoast_head_json":{"title":"Termos e Condi\u00e7\u00f5es - Noise Solutions","robots":{"index":"index","follow":"follow","max-snippet":"max-snippet:-1","max-image-preview":"max-image-preview:large","max-video-preview":"max-video-preview:-1"},"canonical":"https:\/\/noisedigi.com\/en\/terms-and-conditions\/","og_locale":"en_US","og_type":"article","og_title":"Termos e Condi\u00e7\u00f5es - Noise Solutions","og_description":"Pol\u00edtica de Privacidade Garantimos aos visitantes deste site (&#8220;Usu\u00e1rios&#8221;) o respeito \u00e0 sua privacidade. A visita ao site por si s\u00f3 n\u00e3o implica o registro, automaticamente, de nenhum dado pessoal que identifique o Usu\u00e1rio. No entanto, em alguns casos, o uso do site necessariamente ter\u00e1 que disponibilizar dados pessoais. Esta Pol\u00edtica de Privacidade e Pol\u00edtica [&hellip;]","og_url":"https:\/\/noisedigi.com\/en\/terms-and-conditions\/","og_site_name":"Noise Solutions","article_publisher":"https:\/\/www.facebook.com\/noisedigi","article_modified_time":"2022-11-06T18:47:44+00:00","twitter_card":"summary_large_image","twitter_misc":{"Est. reading time":"4 minutes"},"schema":{"@context":"https:\/\/schema.org","@graph":[{"@type":"WebPage","@id":"https:\/\/noisedigi.com\/termos-e-condicoes\/","url":"https:\/\/noisedigi.com\/termos-e-condicoes\/","name":"Termos e Condi\u00e7\u00f5es - Noise Solutions","isPartOf":{"@id":"https:\/\/noisedigi.com\/#website"},"datePublished":"2022-11-06T18:42:52+00:00","dateModified":"2022-11-06T18:47:44+00:00","breadcrumb":{"@id":"https:\/\/noisedigi.com\/termos-e-condicoes\/#breadcrumb"},"inLanguage":"en-US","potentialAction":[{"@type":"ReadAction","target":["https:\/\/noisedigi.com\/termos-e-condicoes\/"]}]},{"@type":"BreadcrumbList","@id":"https:\/\/noisedigi.com\/termos-e-condicoes\/#breadcrumb","itemListElement":[{"@type":"ListItem","position":1,"name":"In\u00edcio","item":"https:\/\/noisedigi.com\/"},{"@type":"ListItem","position":2,"name":"Termos e Condi\u00e7\u00f5es"}]},{"@type":"WebSite","@id":"https:\/\/noisedigi.com\/#website","url":"https:\/\/noisedigi.com\/","name":"Noise Solutions","description":"","publisher":{"@id":"https:\/\/noisedigi.com\/#organization"},"potentialAction":[{"@type":"SearchAction","target":{"@type":"EntryPoint","urlTemplate":"https:\/\/noisedigi.com\/?s={search_term_string}"},"query-input":{"@type":"PropertyValueSpecification","valueRequired":true,"valueName":"search_term_string"}}],"inLanguage":"en-US"},{"@type":"Organization","@id":"https:\/\/noisedigi.com\/#organization","name":"Noise Solutions","url":"https:\/\/noisedigi.com\/","logo":{"@type":"ImageObject","inLanguage":"en-US","@id":"https:\/\/noisedigi.com\/#\/schema\/logo\/image\/","url":"https:\/\/noisedigi.com\/wp-content\/uploads\/2023\/08\/logo-compartilhamento.png","contentUrl":"https:\/\/noisedigi.com\/wp-content\/uploads\/2023\/08\/logo-compartilhamento.png","width":467,"height":262,"caption":"Noise Solutions"},"image":{"@id":"https:\/\/noisedigi.com\/#\/schema\/logo\/image\/"},"sameAs":["https:\/\/www.facebook.com\/noisedigi","https:\/\/instagram.com\/noisedigi","https:\/\/www.linkedin.com\/company\/noise-digi"]}]}},"_links":{"self":[{"href":"https:\/\/noisedigi.com\/en\/wp-json\/wp\/v2\/pages\/4081","targetHints":{"allow":["GET"]}}],"collection":[{"href":"https:\/\/noisedigi.com\/en\/wp-json\/wp\/v2\/pages"}],"about":[{"href":"https:\/\/noisedigi.com\/en\/wp-json\/wp\/v2\/types\/page"}],"author":[{"embeddable":true,"href":"https:\/\/noisedigi.com\/en\/wp-json\/wp\/v2\/users\/3"}],"replies":[{"embeddable":true,"href":"https:\/\/noisedigi.com\/en\/wp-json\/wp\/v2\/comments?post=4081"}],"version-history":[{"count":0,"href":"https:\/\/noisedigi.com\/en\/wp-json\/wp\/v2\/pages\/4081\/revisions"}],"wp:attachment":[{"href":"https:\/\/noisedigi.com\/en\/wp-json\/wp\/v2\/media?parent=4081"}],"curies":[{"name":"wp","href":"https:\/\/api.w.org\/{rel}","templated":true}]}}