{"id":34,"date":"2021-09-15T09:35:58","date_gmt":"2021-09-15T09:35:58","guid":{"rendered":"http:\/\/axilthemes.com\/themes\/abstrak\/?page_id=34"},"modified":"2025-07-27T11:39:41","modified_gmt":"2025-07-27T14:39:41","slug":"contacto","status":"publish","type":"page","link":"https:\/\/noisedigi.com\/en\/contact\/","title":{"rendered":"Contact"},"content":{"rendered":"<div data-elementor-type=\"wp-page\" data-elementor-id=\"34\" class=\"elementor elementor-34\" data-elementor-post-type=\"page\">\n\t\t\t\t\t\t<section class=\"elementor-section elementor-top-section elementor-element elementor-element-86164a4 elementor-section-full_width elementor-section-height-default elementor-section-height-default\" data-id=\"86164a4\" data-element_type=\"section\" data-e-type=\"section\">\n\t\t\t\t\t\t<div class=\"elementor-container elementor-column-gap-no\">\n\t\t\t\t\t<div class=\"elementor-column elementor-col-100 elementor-top-column elementor-element elementor-element-79f1cea\" data-id=\"79f1cea\" data-element_type=\"column\" data-e-type=\"column\">\n\t\t\t<div class=\"elementor-widget-wrap elementor-element-populated\">\n\t\t\t\t\t\t<div class=\"elementor-element elementor-element-4227d98 elementor-widget elementor-widget-axil-contact-page\" data-id=\"4227d98\" data-element_type=\"widget\" data-e-type=\"widget\" data-widget_type=\"axil-contact-page.default\">\n\t\t\t\t<div class=\"elementor-widget-container\">\n\t\t\t\t\t <div class=\"section section-padding\">\r\n    <div class=\"container\">\r\n        <div class=\"row\">\r\n            <div class=\"col-xl-5 col-lg-6\">\r\n                <div class=\"contact-form-box shadow-box mb--30\">\r\n                                        <h2 \r\n                    class=\"title\">\r\n                    Send a message                    <\/h2>\r\n                                        \n<div class=\"wpcf7 no-js\" id=\"wpcf7-f55-o1\" lang=\"en-US\" dir=\"ltr\" data-wpcf7-id=\"55\">\n<div class=\"screen-reader-response\"><p role=\"status\" aria-live=\"polite\" aria-atomic=\"true\"><\/p> <ul><\/ul><\/div>\n<form action=\"\/en\/wp-json\/wp\/v2\/pages\/34#wpcf7-f55-o1\" method=\"post\" class=\"wpcf7-form init\" aria-label=\"Contact form\" novalidate=\"novalidate\" data-status=\"init\" data-trp-original-action=\"\/en\/wp-json\/wp\/v2\/pages\/34#wpcf7-f55-o1\">\n<fieldset class=\"hidden-fields-container\"><input type=\"hidden\" name=\"_wpcf7\" value=\"55\" \/><input type=\"hidden\" name=\"_wpcf7_version\" value=\"6.1.5\" \/><input type=\"hidden\" name=\"_wpcf7_locale\" value=\"en_US\" \/><input type=\"hidden\" name=\"_wpcf7_unit_tag\" value=\"wpcf7-f55-o1\" \/><input type=\"hidden\" name=\"_wpcf7_container_post\" value=\"0\" \/><input type=\"hidden\" name=\"_wpcf7_posted_data_hash\" value=\"\" \/><input type=\"hidden\" name=\"_wpcf7_recaptcha_response\" value=\"\" \/>\n<\/fieldset>\n<div class=\"form-group\">\n\t<p><label for=\"form-name\">Name<\/label><br \/>\n<span class=\"wpcf7-form-control-wrap\" data-name=\"your-name\"><input size=\"40\" maxlength=\"400\" class=\"wpcf7-form-control wpcf7-text wpcf7-validates-as-required form-control\" id=\"form-name\" aria-required=\"true\" aria-invalid=\"false\" placeholder=\"Your name\" value=\"\" type=\"text\" name=\"your-name\" \/><\/span>\n\t<\/p>\n<\/div>\n<div class=\"form-group\">\n\t<p><label for=\"form-email\">Email<\/label><br \/>\n<span class=\"wpcf7-form-control-wrap\" data-name=\"your-email\"><input size=\"40\" maxlength=\"400\" class=\"wpcf7-form-control wpcf7-email wpcf7-validates-as-required wpcf7-text wpcf7-validates-as-email form-control\" id=\"form-email\" aria-required=\"true\" aria-invalid=\"false\" placeholder=\"Your email\" value=\"\" type=\"email\" name=\"your-email\" \/><\/span>\n\t<\/p>\n<\/div>\n<div class=\"form-group mb--10\">\n\t<p><label for=\"form-phone\">Phone<\/label><br \/>\n<span class=\"wpcf7-form-control-wrap\" data-name=\"your-phone\"><input size=\"40\" maxlength=\"400\" class=\"wpcf7-form-control wpcf7-tel wpcf7-text wpcf7-validates-as-tel form-control\" id=\"form-phone\" aria-invalid=\"false\" placeholder=\"Your phone\" value=\"\" type=\"tel\" name=\"your-phone\" \/><\/span>\n\t<\/p>\n<\/div>\n<div class=\"form-group mb--10\">\n\t<p><label for=\"form-message\">Mensagem<\/label><br \/>\n<span class=\"wpcf7-form-control-wrap\" data-name=\"your-message\"><textarea cols=\"40\" rows=\"10\" maxlength=\"2000\" class=\"wpcf7-form-control wpcf7-textarea form-control\" id=\"form-message\" aria-invalid=\"false\" placeholder=\"Your message\" name=\"your-message\"><\/textarea><\/span>\n\t<\/p>\n<\/div>\n<p style=\"font-size: 12px; margin-bottom: 20px;\">By submitting this form, you agree to our <a href=\"https:\/\/noisedigi.com\/en\/terms-and-conditions\/\">Privacy Policy.<\/a>.\n<\/p>\n<div class=\"form-group\">\n\t<p style=\"margin: -10px 0 20px 0;\">\n\t<span class=\"wpcf7-form-control-wrap recaptcha\" data-name=\"recaptcha\"><span data-sitekey=\"6LeTE5ElAAAAAGOXf7R3WmjMssQVYA4_qb6f_AO7\" class=\"wpcf7-form-control wpcf7-recaptcha g-recaptcha\"><\/span>\r\n<noscript>\r\n\t<div class=\"grecaptcha-noscript\">\r\n\t\t<iframe src=\"https:\/\/www.google.com\/recaptcha\/api\/fallback?k=6LeTE5ElAAAAAGOXf7R3WmjMssQVYA4_qb6f_AO7\" frameborder=\"0\" scrolling=\"no\" width=\"310\" height=\"430\">\r\n\t\t<\/iframe>\r\n\t\t<textarea name=\"g-recaptcha-response\" rows=\"3\" cols=\"40\" placeholder=\"reCaptcha Response Here\">\r\n\t\t<\/textarea>\r\n\t<\/div>\r\n<\/noscript>\r\n<\/span>\n\t<\/p>\n\t<p><input class=\"wpcf7-form-control wpcf7-submit has-spinner axil-btn btn-borderd btn-fluid\" type=\"submit\" value=\"Send message\" \/>\n\t<\/p>\n<\/div><div class=\"wpcf7-response-output\" aria-hidden=\"true\"><\/div>\n<input type=\"hidden\" name=\"trp-form-language\" value=\"en\"\/><\/form>\n<\/div>\n \r\n                <\/div>\r\n            <\/div>\r\n            <div class=\"col-xl-5 col-lg-6 offset-xl-1\">\r\n                <div class=\"contact-info mb--100 mb_md--30 mt_md--0 mt--150\">\r\n                        \r\n                                            <h4 class=\"title\">Phone<\/h4>\r\n                    \r\n                                            <p class=\"subtitle\">You can contact via phone or whatsapp:\n<br \/>\n<h4 class=\"phone-number\"><a href=\"tel:+351 912 239 229\">+351 912 239 229<\/a><\/h4>\n<br \/><br \/>\n<h4 class=\"phone-number\"><a href=\"tel:+351 916 033 940\">+351 916 033 940<\/a><\/h4>\n<\/p>\r\n                    \r\n                    \r\n                <\/div>\r\n                <div class=\"contact-info mb--30\">\r\n                                            <h4 class=\"title\">Email<\/h4>\r\n                    \r\n                                            <p class=\"subtitle\">Or if you prefer, send an email to:<\/p>\r\n                                      \r\n                                            <h4 class=\"phone-number\"><a href=\"mailto:contact@noisedigi.com\">contact@noisedigi.com<\/a><\/h4>\r\n                      \r\n                <\/div>\r\n            <\/div>\r\n        <\/div>\r\n    <\/div>\r\n            <ul class=\"shape-group-12 list-unstyled\">          \r\n                            <li class=\"shape shape-1\"><img decoding=\"async\" src=\"https:\/\/noisedigi.com\/wp-content\/uploads\/2022\/10\/shape-logo.png\" alt=\"\"><\/li>\r\n              \r\n                            <li class=\"shape shape-2\"><img decoding=\"async\" src=\"https:\/\/noisedigi.com\/wp-content\/uploads\/2021\/10\/line-3-3.png\" alt=\"\"><\/li>\r\n              \r\n              \r\n        <\/ul> \r\n       \r\n <\/div>\r\n \t\t\t\t<\/div>\n\t\t\t\t<\/div>\n\t\t\t\t\t<\/div>\n\t\t<\/div>\n\t\t\t\t\t<\/div>\n\t\t<\/section>\n\t\t\t\t<section class=\"elementor-section elementor-top-section elementor-element elementor-element-d79e70b elementor-section-full_width elementor-section-height-default elementor-section-height-default\" data-id=\"d79e70b\" data-element_type=\"section\" data-e-type=\"section\" data-settings=\"{&quot;background_background&quot;:&quot;classic&quot;}\">\n\t\t\t\t\t\t<div class=\"elementor-container elementor-column-gap-extended\">\n\t\t\t\t\t<div class=\"elementor-column elementor-col-100 elementor-top-column elementor-element elementor-element-6c5399d\" data-id=\"6c5399d\" data-element_type=\"column\" data-e-type=\"column\" data-settings=\"{&quot;background_background&quot;:&quot;classic&quot;}\">\n\t\t\t<div class=\"elementor-widget-wrap elementor-element-populated\">\n\t\t\t\t\t\t<div class=\"elementor-element elementor-element-8cb65ee elementor-widget elementor-widget-axil-our-office\" data-id=\"8cb65ee\" data-element_type=\"widget\" data-e-type=\"widget\" data-widget_type=\"axil-our-office.default\">\n\t\t\t\t<div class=\"elementor-widget-container\">\n\t\t\t\t\t\r\n        <div class=\"section section-padding bg-color-dark overflow-hidden\">\r\n            <div class=\"container\"> \r\n                   \r\n\r\n                    <div class=\"section-heading heading-light-left\">            \r\n                                                    <span class=\"subtitle\">Where we are<\/span>\r\n                         \r\n\r\n                                                                        <h2 class=\"title\">\r\n                                Our offices                            <\/h2> \r\n                                     \r\n                                                                <\/div>\r\n                 \r\n\r\n                <div class=\"row\">\r\n                                            <div class=\"col-lg-6 col-md-6 col-sm-6\" data-sal=\"slide-up\" data-sal-duration=\"500\">\r\n                             <div class=\"office-location\">\r\n                                <div class=\"thumbnail\">\r\n                                   <img decoding=\"async\" src=\"https:\/\/noisedigi.com\/wp-content\/uploads\/2022\/12\/bondinho.jpg\" title=\"\" alt=\"\" loading=\"lazy\" \/>                                <\/div>\r\n                                <div class=\"content\">\r\n                                    <h4 class=\"title\">Lisbon, Portugal<\/h4>\r\n                                    <p>Rua Brito Pais, 37, 1st floor, 2775-172, Parede, Lisbon, Portugal<\/p>\r\n                                <\/div>\r\n                            <\/div> \r\n                        <\/div> \r\n                                            <div class=\"col-lg-6 col-md-6 col-sm-6\" data-sal=\"slide-up\" data-sal-duration=\"500\">\r\n                             <div class=\"office-location\">\r\n                                <div class=\"thumbnail\">\r\n                                   <img decoding=\"async\" src=\"https:\/\/noisedigi.com\/wp-content\/uploads\/2022\/12\/rio.jpg\" title=\"\" alt=\"\" loading=\"lazy\" \/>                                <\/div>\r\n                                <div class=\"content\">\r\n                                    <h4 class=\"title\">Rio - Rio de Janeiro<\/h4>\r\n                                    <p>Etr dos Tres Rios, 1767, Office 305, Jacarepagua, 22745-004, Rio de Janeiro, RJ, Brasil<\/p>\r\n                                <\/div>\r\n                            <\/div> \r\n                        <\/div> \r\n                         \r\n                <\/div>\r\n            <\/div> \r\n                             <ul class=\"shape-group-11 list-unstyled\">\r\n                                 \r\n                        <li class=\"shape shape-1\"><img decoding=\"async\" src=\"https:\/\/noisedigi.com\/wp-content\/uploads\/2022\/10\/line-6.png\" alt=\"\"><\/li>\r\n                     \r\n                       \r\n                        <li class=\"shape shape-2\"><img decoding=\"async\" src=\"https:\/\/noisedigi.com\/wp-content\/uploads\/2022\/10\/shape-logo-branca.png\" alt=\"\"><\/li>\r\n                     \r\n                             \r\n                <\/ul>\r\n                \r\n        <\/div> \r\n        \t\t\t\t<\/div>\n\t\t\t\t<\/div>\n\t\t\t\t\t<\/div>\n\t\t<\/div>\n\t\t\t\t\t<\/div>\n\t\t<\/section>\n\t\t\t\t<\/div>","protected":false},"excerpt":{"rendered":"<p>Envie uma mensagem Nome E-mail Telefone Mensagem Ao enviar as informa\u00e7\u00f5es, aceita os termos e condi\u00e7\u00f5es. Telefone Voc\u00ea pode entrar em contato atrav\u00e9s do telefone ou whatsapp: +351 912 239 229 +351 916 033 940 E-mail Ou se preferir envie um e-mail para: contact@noisedigi.com Onde estamos Nossos escrit\u00f3rios Lisboa &#8211; Portugal Rua Brito Pais, 37, [&hellip;]<\/p>","protected":false},"author":3,"featured_media":0,"parent":0,"menu_order":0,"comment_status":"closed","ping_status":"closed","template":"elementor_header_footer","meta":{"inline_featured_image":false,"footnotes":""},"class_list":["post-34","page","type-page","status-publish","hentry"],"acf":[],"yoast_head":"<!-- This site is optimized with the Yoast SEO plugin v27.5 - https:\/\/yoast.com\/product\/yoast-seo-wordpress\/ -->\n<title>Contacto - Noise Solutions<\/title>\n<meta name=\"robots\" content=\"index, follow, max-snippet:-1, max-image-preview:large, max-video-preview:-1\" \/>\n<link rel=\"canonical\" href=\"https:\/\/noisedigi.com\/en\/contact\/\" \/>\n<meta property=\"og:locale\" content=\"en_US\" \/>\n<meta property=\"og:type\" content=\"article\" \/>\n<meta property=\"og:title\" content=\"Contacto - Noise Solutions\" \/>\n<meta property=\"og:description\" content=\"Envie uma mensagem Nome E-mail Telefone Mensagem Ao enviar as informa\u00e7\u00f5es, aceita os termos e condi\u00e7\u00f5es. Telefone Voc\u00ea pode entrar em contato atrav\u00e9s do telefone ou whatsapp: +351 912 239 229 +351 916 033 940 E-mail Ou se preferir envie um e-mail para: contact@noisedigi.com Onde estamos Nossos escrit\u00f3rios Lisboa &#8211; Portugal Rua Brito Pais, 37, [&hellip;]\" \/>\n<meta property=\"og:url\" content=\"https:\/\/noisedigi.com\/en\/contact\/\" \/>\n<meta property=\"og:site_name\" content=\"Noise Solutions\" \/>\n<meta property=\"article:publisher\" content=\"https:\/\/www.facebook.com\/noisedigi\" \/>\n<meta property=\"article:modified_time\" content=\"2025-07-27T14:39:41+00:00\" \/>\n<meta property=\"og:image\" content=\"https:\/\/noisedigi.com\/wp-content\/uploads\/2022\/10\/shape-logo.png\" \/>\n<meta name=\"twitter:card\" content=\"summary_large_image\" \/>\n<meta name=\"twitter:label1\" content=\"Est. reading time\" \/>\n\t<meta name=\"twitter:data1\" content=\"2 minutes\" \/>\n<script type=\"application\/ld+json\" class=\"yoast-schema-graph\">{\"@context\":\"https:\\\/\\\/schema.org\",\"@graph\":[{\"@type\":\"WebPage\",\"@id\":\"https:\\\/\\\/noisedigi.com\\\/contact\\\/\",\"url\":\"https:\\\/\\\/noisedigi.com\\\/contact\\\/\",\"name\":\"Contacto - Noise Solutions\",\"isPartOf\":{\"@id\":\"https:\\\/\\\/noisedigi.com\\\/#website\"},\"primaryImageOfPage\":{\"@id\":\"https:\\\/\\\/noisedigi.com\\\/contact\\\/#primaryimage\"},\"image\":{\"@id\":\"https:\\\/\\\/noisedigi.com\\\/contact\\\/#primaryimage\"},\"thumbnailUrl\":\"https:\\\/\\\/noisedigi.com\\\/wp-content\\\/uploads\\\/2022\\\/10\\\/shape-logo.png\",\"datePublished\":\"2021-09-15T09:35:58+00:00\",\"dateModified\":\"2025-07-27T14:39:41+00:00\",\"breadcrumb\":{\"@id\":\"https:\\\/\\\/noisedigi.com\\\/contact\\\/#breadcrumb\"},\"inLanguage\":\"en-US\",\"potentialAction\":[{\"@type\":\"ReadAction\",\"target\":[\"https:\\\/\\\/noisedigi.com\\\/contact\\\/\"]}]},{\"@type\":\"ImageObject\",\"inLanguage\":\"en-US\",\"@id\":\"https:\\\/\\\/noisedigi.com\\\/contact\\\/#primaryimage\",\"url\":\"https:\\\/\\\/noisedigi.com\\\/wp-content\\\/uploads\\\/2022\\\/10\\\/shape-logo.png\",\"contentUrl\":\"https:\\\/\\\/noisedigi.com\\\/wp-content\\\/uploads\\\/2022\\\/10\\\/shape-logo.png\"},{\"@type\":\"BreadcrumbList\",\"@id\":\"https:\\\/\\\/noisedigi.com\\\/contact\\\/#breadcrumb\",\"itemListElement\":[{\"@type\":\"ListItem\",\"position\":1,\"name\":\"In\u00edcio\",\"item\":\"https:\\\/\\\/noisedigi.com\\\/\"},{\"@type\":\"ListItem\",\"position\":2,\"name\":\"Contacto\"}]},{\"@type\":\"WebSite\",\"@id\":\"https:\\\/\\\/noisedigi.com\\\/#website\",\"url\":\"https:\\\/\\\/noisedigi.com\\\/\",\"name\":\"Noise Solutions\",\"description\":\"\",\"publisher\":{\"@id\":\"https:\\\/\\\/noisedigi.com\\\/#organization\"},\"potentialAction\":[{\"@type\":\"SearchAction\",\"target\":{\"@type\":\"EntryPoint\",\"urlTemplate\":\"https:\\\/\\\/noisedigi.com\\\/?s={search_term_string}\"},\"query-input\":{\"@type\":\"PropertyValueSpecification\",\"valueRequired\":true,\"valueName\":\"search_term_string\"}}],\"inLanguage\":\"en-US\"},{\"@type\":\"Organization\",\"@id\":\"https:\\\/\\\/noisedigi.com\\\/#organization\",\"name\":\"Noise Solutions\",\"url\":\"https:\\\/\\\/noisedigi.com\\\/\",\"logo\":{\"@type\":\"ImageObject\",\"inLanguage\":\"en-US\",\"@id\":\"https:\\\/\\\/noisedigi.com\\\/#\\\/schema\\\/logo\\\/image\\\/\",\"url\":\"https:\\\/\\\/noisedigi.com\\\/wp-content\\\/uploads\\\/2023\\\/08\\\/logo-compartilhamento.png\",\"contentUrl\":\"https:\\\/\\\/noisedigi.com\\\/wp-content\\\/uploads\\\/2023\\\/08\\\/logo-compartilhamento.png\",\"width\":467,\"height\":262,\"caption\":\"Noise Solutions\"},\"image\":{\"@id\":\"https:\\\/\\\/noisedigi.com\\\/#\\\/schema\\\/logo\\\/image\\\/\"},\"sameAs\":[\"https:\\\/\\\/www.facebook.com\\\/noisedigi\",\"https:\\\/\\\/instagram.com\\\/noisedigi\",\"https:\\\/\\\/www.linkedin.com\\\/company\\\/noise-digi\"]}]}<\/script>\n<!-- \/ Yoast SEO plugin. -->","yoast_head_json":{"title":"Contact","robots":{"index":"index","follow":"follow","max-snippet":"max-snippet:-1","max-image-preview":"max-image-preview:large","max-video-preview":"max-video-preview:-1"},"canonical":"https:\/\/noisedigi.com\/en\/contact\/","og_locale":"en_US","og_type":"article","og_title":"Contacto - Noise Solutions","og_description":"Envie uma mensagem Nome E-mail Telefone Mensagem Ao enviar as informa\u00e7\u00f5es, aceita os termos e condi\u00e7\u00f5es. Telefone Voc\u00ea pode entrar em contato atrav\u00e9s do telefone ou whatsapp: +351 912 239 229 +351 916 033 940 E-mail Ou se preferir envie um e-mail para: contact@noisedigi.com Onde estamos Nossos escrit\u00f3rios Lisboa &#8211; Portugal Rua Brito Pais, 37, [&hellip;]","og_url":"https:\/\/noisedigi.com\/en\/contact\/","og_site_name":"Noise Solutions","article_publisher":"https:\/\/www.facebook.com\/noisedigi","article_modified_time":"2025-07-27T14:39:41+00:00","og_image":[{"url":"https:\/\/noisedigi.com\/wp-content\/uploads\/2022\/10\/shape-logo.png","type":"","width":"","height":""}],"twitter_card":"summary_large_image","twitter_misc":{"Est. reading time":"2 minutes"},"schema":{"@context":"https:\/\/schema.org","@graph":[{"@type":"WebPage","@id":"https:\/\/noisedigi.com\/contact\/","url":"https:\/\/noisedigi.com\/contact\/","name":"Contact","isPartOf":{"@id":"https:\/\/noisedigi.com\/#website"},"primaryImageOfPage":{"@id":"https:\/\/noisedigi.com\/contact\/#primaryimage"},"image":{"@id":"https:\/\/noisedigi.com\/contact\/#primaryimage"},"thumbnailUrl":"https:\/\/noisedigi.com\/wp-content\/uploads\/2022\/10\/shape-logo.png","datePublished":"2021-09-15T09:35:58+00:00","dateModified":"2025-07-27T14:39:41+00:00","breadcrumb":{"@id":"https:\/\/noisedigi.com\/contact\/#breadcrumb"},"inLanguage":"en-US","potentialAction":[{"@type":"ReadAction","target":["https:\/\/noisedigi.com\/contact\/"]}]},{"@type":"ImageObject","inLanguage":"en-US","@id":"https:\/\/noisedigi.com\/contact\/#primaryimage","url":"https:\/\/noisedigi.com\/wp-content\/uploads\/2022\/10\/shape-logo.png","contentUrl":"https:\/\/noisedigi.com\/wp-content\/uploads\/2022\/10\/shape-logo.png"},{"@type":"BreadcrumbList","@id":"https:\/\/noisedigi.com\/contact\/#breadcrumb","itemListElement":[{"@type":"ListItem","position":1,"name":"In\u00edcio","item":"https:\/\/noisedigi.com\/"},{"@type":"ListItem","position":2,"name":"Contacto"}]},{"@type":"WebSite","@id":"https:\/\/noisedigi.com\/#website","url":"https:\/\/noisedigi.com\/","name":"Noise Solutions","description":"","publisher":{"@id":"https:\/\/noisedigi.com\/#organization"},"potentialAction":[{"@type":"SearchAction","target":{"@type":"EntryPoint","urlTemplate":"https:\/\/noisedigi.com\/?s={search_term_string}"},"query-input":{"@type":"PropertyValueSpecification","valueRequired":true,"valueName":"search_term_string"}}],"inLanguage":"en-US"},{"@type":"Organization","@id":"https:\/\/noisedigi.com\/#organization","name":"Noise Solutions","url":"https:\/\/noisedigi.com\/","logo":{"@type":"ImageObject","inLanguage":"en-US","@id":"https:\/\/noisedigi.com\/#\/schema\/logo\/image\/","url":"https:\/\/noisedigi.com\/wp-content\/uploads\/2023\/08\/logo-compartilhamento.png","contentUrl":"https:\/\/noisedigi.com\/wp-content\/uploads\/2023\/08\/logo-compartilhamento.png","width":467,"height":262,"caption":"Noise Solutions"},"image":{"@id":"https:\/\/noisedigi.com\/#\/schema\/logo\/image\/"},"sameAs":["https:\/\/www.facebook.com\/noisedigi","https:\/\/instagram.com\/noisedigi","https:\/\/www.linkedin.com\/company\/noise-digi"]}]}},"_links":{"self":[{"href":"https:\/\/noisedigi.com\/en\/wp-json\/wp\/v2\/pages\/34","targetHints":{"allow":["GET"]}}],"collection":[{"href":"https:\/\/noisedigi.com\/en\/wp-json\/wp\/v2\/pages"}],"about":[{"href":"https:\/\/noisedigi.com\/en\/wp-json\/wp\/v2\/types\/page"}],"author":[{"embeddable":true,"href":"https:\/\/noisedigi.com\/en\/wp-json\/wp\/v2\/users\/3"}],"replies":[{"embeddable":true,"href":"https:\/\/noisedigi.com\/en\/wp-json\/wp\/v2\/comments?post=34"}],"version-history":[{"count":15,"href":"https:\/\/noisedigi.com\/en\/wp-json\/wp\/v2\/pages\/34\/revisions"}],"predecessor-version":[{"id":8367,"href":"https:\/\/noisedigi.com\/en\/wp-json\/wp\/v2\/pages\/34\/revisions\/8367"}],"wp:attachment":[{"href":"https:\/\/noisedigi.com\/en\/wp-json\/wp\/v2\/media?parent=34"}],"curies":[{"name":"wp","href":"https:\/\/api.w.org\/{rel}","templated":true}]}}