{"id":21,"date":"2021-09-15T09:28:13","date_gmt":"2021-09-15T12:28:13","guid":{"rendered":"http:\/\/axilthemes.com\/themes\/abstrak\/?page_id=21"},"modified":"2022-12-23T22:34:31","modified_gmt":"2022-12-24T01:34:31","slug":"blog","status":"publish","type":"page","link":"https:\/\/noisedigi.com\/en\/thoughts\/","title":{"rendered":"Thoughts"},"content":{"rendered":"<div data-elementor-type=\"wp-page\" data-elementor-id=\"21\" class=\"elementor elementor-21\" data-elementor-post-type=\"page\">\n\t\t\t\t\t\t<section class=\"elementor-section elementor-top-section elementor-element elementor-element-1c7670c elementor-section-boxed elementor-section-height-default elementor-section-height-default\" data-id=\"1c7670c\" data-element_type=\"section\" data-e-type=\"section\">\n\t\t\t\t\t\t<div class=\"elementor-container elementor-column-gap-default\">\n\t\t\t\t\t<div class=\"elementor-column elementor-col-100 elementor-top-column elementor-element elementor-element-3cccb60\" data-id=\"3cccb60\" data-element_type=\"column\" data-e-type=\"column\">\n\t\t\t<div class=\"elementor-widget-wrap elementor-element-populated\">\n\t\t\t\t\t\t<div class=\"elementor-element elementor-element-0df5eff uael-equal__height-yes elementor-widget elementor-widget-uael-posts\" data-id=\"0df5eff\" data-element_type=\"widget\" data-e-type=\"widget\" data-settings=\"{&quot;classic_show_filters&quot;:&quot;yes&quot;,&quot;classic_slides_to_show&quot;:3,&quot;classic_slides_to_show_tablet&quot;:2,&quot;classic_slides_to_show_mobile&quot;:1}\" data-widget_type=\"uael-posts.classic\">\n\t\t\t\t<div class=\"elementor-widget-container\">\n\t\t\t\t\t\t\t<div class=\"uael-post__header\">\n\t\t\t\t\t<div class=\"uael-post__header-filters-wrap\">\n\t\t\t<ul class=\"uael-post__header-filters\" aria-label=\"Taxonomy Filter\">\n\t\t\t\t<li class=\"uael-post__header-filter uael-filter__current\" data-filter=\"*\">All<\/li>\n\t\t\t\t\t\t\t\t<li class=\"uael-post__header-filter\" data-filter=\".branding\" tabindex=\"0\">Branding<\/li>\n\t\t\t\t\t\t\t\t<li class=\"uael-post__header-filter\" data-filter=\".case\" tabindex=\"0\">Case<\/li>\n\t\t\t\t\t\t\t\t<li class=\"uael-post__header-filter\" data-filter=\".opiniao\" tabindex=\"0\">Opinion<\/li>\n\t\t\t\t\t\t\t\t<li class=\"uael-post__header-filter\" data-filter=\".website\" tabindex=\"0\">Website<\/li>\n\t\t\t\t\t\t\t<\/ul>\n\n\t\t\t\t\t<\/div>\n\t\t\t\t<\/div>\n\t\t<div class=\"uael-post__body\">\n\t\t\t\n\t\t\n\t\t<div class=\"uael-blog-terms-position-above_content uael-post-image-top uael-post-grid uael-posts\" data-query-type=\"custom\" data-structure=\"normal\" data-layout=\"\" data-page=\"21\" data-skin=\"classic\" data-filter-default=\"Todas\" data-offset-top=\"30\" >\n\n\t\t\t\t\t\t\t<div class=\"uael-post-grid__inner uael-post__columns-3 uael-post__columns-tablet-2 uael-post__columns-mobile-1\">\n\t\t\t\n<div class=\"uael-post-wrapper branding case opiniao website  branding case opini\u00e3o website\">\n\t<div class=\"uael-post__bg-wrap\">\n\n\t\t\t\t\n\t\t<div class=\"uael-post__inner-wrap\">\n\n\t\t\t\t<div class=\"uael-post__thumbnail\">\n\t\t\t\n\t\t\t<a href=\"https:\/\/noisedigi.com\/en\/slack-quando-o-trabalho-flui-o-sucesso-do-cliente-cresce\/\" target=\"_self\" title=\"Slack: quando o trabalho flui, o sucesso do cliente cresce\"><img fetchpriority=\"high\" decoding=\"async\" width=\"1339\" height=\"742\" src=\"https:\/\/noisedigi.com\/wp-content\/uploads\/2022\/10\/slack-overview-hero-desktop-br.png\" class=\"attachment-full size-full wp-image-4921\" alt=\"\" srcset=\"https:\/\/noisedigi.com\/wp-content\/uploads\/2022\/10\/slack-overview-hero-desktop-br.png 1339w, https:\/\/noisedigi.com\/wp-content\/uploads\/2022\/10\/slack-overview-hero-desktop-br-300x166.png 300w, https:\/\/noisedigi.com\/wp-content\/uploads\/2022\/10\/slack-overview-hero-desktop-br-1024x567.png 1024w, https:\/\/noisedigi.com\/wp-content\/uploads\/2022\/10\/slack-overview-hero-desktop-br-768x426.png 768w\" sizes=\"(max-width: 1339px) 100vw, 1339px\" \/><\/a>\n\t\t\t\t\t<\/div>\n\t\t\n\t\t\t\n\t\t\t<div class=\"uael-post__content-wrap\">\n\t\t\t\t\t\t\t<div class=\"uael-post__terms-wrap\"><span class=\"uael-post__terms\"><span class=\"uael-listing__terms-link\">Branding<\/span><span class=\"uael-listing__terms-link\">Case<\/span><span class=\"uael-listing__terms-link\">Opinion<\/span><\/span><\/div>\n\t\t\t\t\t\t<h3 class=\"uael-post__title\">\n\n\t\t\n\t\t\t\t\t\t<a href=\"https:\/\/noisedigi.com\/en\/slack-quando-o-trabalho-flui-o-sucesso-do-cliente-cresce\/\" target=\"_self\">\n\t\t\t\tSlack: quando o trabalho flui, o sucesso do cliente cresce\t\t\t<\/a>\n\n\t\t\t\t<\/h3>\n\t\t\n\t\t<div class=\"uael-post__excerpt\">\n\t\t\tO que \u00e9 Slack? O Slack \u00e9 uma plataforma de mensagens baseada\t\t<\/div>\n\n\t\t\t\t\t<\/div>\n\t\t\t\n\t\t<\/div>\n\t\t\n\t<\/div>\n\n<\/div>\n\t\t\t\t<\/div>\n\t\t\t\t\t\t\n\t\t<\/div>\n\n\t\t\t\t\t\t<\/div>\n\t\t<div class=\"uael-post__footer\">\n\t\t\t\t\t<\/div>\n\t\t\t\t\t\t<\/div>\n\t\t\t\t<\/div>\n\t\t\t\t\t<\/div>\n\t\t<\/div>\n\t\t\t\t\t<\/div>\n\t\t<\/section>\n\t\t\t\t<\/div>","protected":false},"excerpt":{"rendered":"<p>Todas Branding Case Opini\u00e3o Website Case Slack: quando o trabalho flui, o sucesso do cliente cresce. A Salesforce e o Slack uniram for\u00e7as para empoderar todas as empresas &#8230; Opini\u00e3o Slack: quando o trabalho flui, o sucesso do cliente cresce. A Salesforce e o Slack uniram for\u00e7as para empoderar todas as empresas &#8230; Case Slack: [&hellip;]<\/p>","protected":false},"author":3,"featured_media":0,"parent":0,"menu_order":0,"comment_status":"closed","ping_status":"closed","template":"","meta":{"inline_featured_image":false,"footnotes":""},"class_list":["post-21","page","type-page","status-publish","hentry"],"acf":[],"yoast_head":"<!-- This site is optimized with the Yoast SEO plugin v27.5 - https:\/\/yoast.com\/product\/yoast-seo-wordpress\/ -->\n<title>Blog - Noise Solutions<\/title>\n<meta name=\"robots\" content=\"index, follow, max-snippet:-1, max-image-preview:large, max-video-preview:-1\" \/>\n<link rel=\"canonical\" href=\"https:\/\/noisedigi.com\/en\/thoughts\/\" \/>\n<meta property=\"og:locale\" content=\"en_US\" \/>\n<meta property=\"og:type\" content=\"article\" \/>\n<meta property=\"og:title\" content=\"Blog - Noise Solutions\" \/>\n<meta property=\"og:description\" content=\"Todas Branding Case Opini\u00e3o Website Case Slack: quando o trabalho flui, o sucesso do cliente cresce. A Salesforce e o Slack uniram for\u00e7as para empoderar todas as empresas &#8230; Opini\u00e3o Slack: quando o trabalho flui, o sucesso do cliente cresce. A Salesforce e o Slack uniram for\u00e7as para empoderar todas as empresas &#8230; Case Slack: [&hellip;]\" \/>\n<meta property=\"og:url\" content=\"https:\/\/noisedigi.com\/en\/thoughts\/\" \/>\n<meta property=\"og:site_name\" content=\"Noise Solutions\" \/>\n<meta property=\"article:publisher\" content=\"https:\/\/www.facebook.com\/noisedigi\" \/>\n<meta property=\"article:modified_time\" content=\"2022-12-24T01:34:31+00:00\" \/>\n<meta property=\"og:image\" content=\"https:\/\/noisedigi.com\/wp-content\/uploads\/2022\/10\/slack-overview-hero-desktop-br.png\" \/>\n<meta name=\"twitter:card\" content=\"summary_large_image\" \/>\n<meta name=\"twitter:label1\" content=\"Est. reading time\" \/>\n\t<meta name=\"twitter:data1\" content=\"1 minute\" \/>\n<script type=\"application\/ld+json\" class=\"yoast-schema-graph\">{\"@context\":\"https:\\\/\\\/schema.org\",\"@graph\":[{\"@type\":\"WebPage\",\"@id\":\"https:\\\/\\\/noisedigi.com\\\/thoughts\\\/\",\"url\":\"https:\\\/\\\/noisedigi.com\\\/thoughts\\\/\",\"name\":\"Blog - Noise Solutions\",\"isPartOf\":{\"@id\":\"https:\\\/\\\/noisedigi.com\\\/#website\"},\"primaryImageOfPage\":{\"@id\":\"https:\\\/\\\/noisedigi.com\\\/thoughts\\\/#primaryimage\"},\"image\":{\"@id\":\"https:\\\/\\\/noisedigi.com\\\/thoughts\\\/#primaryimage\"},\"thumbnailUrl\":\"https:\\\/\\\/noisedigi.com\\\/wp-content\\\/uploads\\\/2022\\\/10\\\/slack-overview-hero-desktop-br.png\",\"datePublished\":\"2021-09-15T12:28:13+00:00\",\"dateModified\":\"2022-12-24T01:34:31+00:00\",\"breadcrumb\":{\"@id\":\"https:\\\/\\\/noisedigi.com\\\/thoughts\\\/#breadcrumb\"},\"inLanguage\":\"en-US\",\"potentialAction\":[{\"@type\":\"ReadAction\",\"target\":[\"https:\\\/\\\/noisedigi.com\\\/thoughts\\\/\"]}]},{\"@type\":\"ImageObject\",\"inLanguage\":\"en-US\",\"@id\":\"https:\\\/\\\/noisedigi.com\\\/thoughts\\\/#primaryimage\",\"url\":\"https:\\\/\\\/noisedigi.com\\\/wp-content\\\/uploads\\\/2022\\\/10\\\/slack-overview-hero-desktop-br.png\",\"contentUrl\":\"https:\\\/\\\/noisedigi.com\\\/wp-content\\\/uploads\\\/2022\\\/10\\\/slack-overview-hero-desktop-br.png\"},{\"@type\":\"BreadcrumbList\",\"@id\":\"https:\\\/\\\/noisedigi.com\\\/thoughts\\\/#breadcrumb\",\"itemListElement\":[{\"@type\":\"ListItem\",\"position\":1,\"name\":\"In\u00edcio\",\"item\":\"https:\\\/\\\/noisedigi.com\\\/\"},{\"@type\":\"ListItem\",\"position\":2,\"name\":\"Blog\"}]},{\"@type\":\"WebSite\",\"@id\":\"https:\\\/\\\/noisedigi.com\\\/#website\",\"url\":\"https:\\\/\\\/noisedigi.com\\\/\",\"name\":\"Noise Solutions\",\"description\":\"\",\"publisher\":{\"@id\":\"https:\\\/\\\/noisedigi.com\\\/#organization\"},\"potentialAction\":[{\"@type\":\"SearchAction\",\"target\":{\"@type\":\"EntryPoint\",\"urlTemplate\":\"https:\\\/\\\/noisedigi.com\\\/?s={search_term_string}\"},\"query-input\":{\"@type\":\"PropertyValueSpecification\",\"valueRequired\":true,\"valueName\":\"search_term_string\"}}],\"inLanguage\":\"en-US\"},{\"@type\":\"Organization\",\"@id\":\"https:\\\/\\\/noisedigi.com\\\/#organization\",\"name\":\"Noise Solutions\",\"url\":\"https:\\\/\\\/noisedigi.com\\\/\",\"logo\":{\"@type\":\"ImageObject\",\"inLanguage\":\"en-US\",\"@id\":\"https:\\\/\\\/noisedigi.com\\\/#\\\/schema\\\/logo\\\/image\\\/\",\"url\":\"https:\\\/\\\/noisedigi.com\\\/wp-content\\\/uploads\\\/2023\\\/08\\\/logo-compartilhamento.png\",\"contentUrl\":\"https:\\\/\\\/noisedigi.com\\\/wp-content\\\/uploads\\\/2023\\\/08\\\/logo-compartilhamento.png\",\"width\":467,\"height\":262,\"caption\":\"Noise Solutions\"},\"image\":{\"@id\":\"https:\\\/\\\/noisedigi.com\\\/#\\\/schema\\\/logo\\\/image\\\/\"},\"sameAs\":[\"https:\\\/\\\/www.facebook.com\\\/noisedigi\",\"https:\\\/\\\/instagram.com\\\/noisedigi\",\"https:\\\/\\\/www.linkedin.com\\\/company\\\/noise-digi\"]}]}<\/script>\n<!-- \/ Yoast SEO plugin. -->","yoast_head_json":{"title":"Thoughts","robots":{"index":"index","follow":"follow","max-snippet":"max-snippet:-1","max-image-preview":"max-image-preview:large","max-video-preview":"max-video-preview:-1"},"canonical":"https:\/\/noisedigi.com\/en\/thoughts\/","og_locale":"en_US","og_type":"article","og_title":"Blog - Noise Solutions","og_description":"Todas Branding Case Opini\u00e3o Website Case Slack: quando o trabalho flui, o sucesso do cliente cresce. A Salesforce e o Slack uniram for\u00e7as para empoderar todas as empresas &#8230; Opini\u00e3o Slack: quando o trabalho flui, o sucesso do cliente cresce. A Salesforce e o Slack uniram for\u00e7as para empoderar todas as empresas &#8230; Case Slack: [&hellip;]","og_url":"https:\/\/noisedigi.com\/en\/thoughts\/","og_site_name":"Noise Solutions","article_publisher":"https:\/\/www.facebook.com\/noisedigi","article_modified_time":"2022-12-24T01:34:31+00:00","og_image":[{"url":"https:\/\/noisedigi.com\/wp-content\/uploads\/2022\/10\/slack-overview-hero-desktop-br.png","type":"","width":"","height":""}],"twitter_card":"summary_large_image","twitter_misc":{"Est. reading time":"1 minute"},"schema":{"@context":"https:\/\/schema.org","@graph":[{"@type":"WebPage","@id":"https:\/\/noisedigi.com\/thoughts\/","url":"https:\/\/noisedigi.com\/thoughts\/","name":"Thoughts","isPartOf":{"@id":"https:\/\/noisedigi.com\/#website"},"primaryImageOfPage":{"@id":"https:\/\/noisedigi.com\/thoughts\/#primaryimage"},"image":{"@id":"https:\/\/noisedigi.com\/thoughts\/#primaryimage"},"thumbnailUrl":"https:\/\/noisedigi.com\/wp-content\/uploads\/2022\/10\/slack-overview-hero-desktop-br.png","datePublished":"2021-09-15T12:28:13+00:00","dateModified":"2022-12-24T01:34:31+00:00","breadcrumb":{"@id":"https:\/\/noisedigi.com\/thoughts\/#breadcrumb"},"inLanguage":"en-US","potentialAction":[{"@type":"ReadAction","target":["https:\/\/noisedigi.com\/thoughts\/"]}]},{"@type":"ImageObject","inLanguage":"en-US","@id":"https:\/\/noisedigi.com\/thoughts\/#primaryimage","url":"https:\/\/noisedigi.com\/wp-content\/uploads\/2022\/10\/slack-overview-hero-desktop-br.png","contentUrl":"https:\/\/noisedigi.com\/wp-content\/uploads\/2022\/10\/slack-overview-hero-desktop-br.png"},{"@type":"BreadcrumbList","@id":"https:\/\/noisedigi.com\/thoughts\/#breadcrumb","itemListElement":[{"@type":"ListItem","position":1,"name":"In\u00edcio","item":"https:\/\/noisedigi.com\/"},{"@type":"ListItem","position":2,"name":"Blog"}]},{"@type":"WebSite","@id":"https:\/\/noisedigi.com\/#website","url":"https:\/\/noisedigi.com\/","name":"Noise Solutions","description":"","publisher":{"@id":"https:\/\/noisedigi.com\/#organization"},"potentialAction":[{"@type":"SearchAction","target":{"@type":"EntryPoint","urlTemplate":"https:\/\/noisedigi.com\/?s={search_term_string}"},"query-input":{"@type":"PropertyValueSpecification","valueRequired":true,"valueName":"search_term_string"}}],"inLanguage":"en-US"},{"@type":"Organization","@id":"https:\/\/noisedigi.com\/#organization","name":"Noise Solutions","url":"https:\/\/noisedigi.com\/","logo":{"@type":"ImageObject","inLanguage":"en-US","@id":"https:\/\/noisedigi.com\/#\/schema\/logo\/image\/","url":"https:\/\/noisedigi.com\/wp-content\/uploads\/2023\/08\/logo-compartilhamento.png","contentUrl":"https:\/\/noisedigi.com\/wp-content\/uploads\/2023\/08\/logo-compartilhamento.png","width":467,"height":262,"caption":"Noise Solutions"},"image":{"@id":"https:\/\/noisedigi.com\/#\/schema\/logo\/image\/"},"sameAs":["https:\/\/www.facebook.com\/noisedigi","https:\/\/instagram.com\/noisedigi","https:\/\/www.linkedin.com\/company\/noise-digi"]}]}},"_links":{"self":[{"href":"https:\/\/noisedigi.com\/en\/wp-json\/wp\/v2\/pages\/21","targetHints":{"allow":["GET"]}}],"collection":[{"href":"https:\/\/noisedigi.com\/en\/wp-json\/wp\/v2\/pages"}],"about":[{"href":"https:\/\/noisedigi.com\/en\/wp-json\/wp\/v2\/types\/page"}],"author":[{"embeddable":true,"href":"https:\/\/noisedigi.com\/en\/wp-json\/wp\/v2\/users\/3"}],"replies":[{"embeddable":true,"href":"https:\/\/noisedigi.com\/en\/wp-json\/wp\/v2\/comments?post=21"}],"version-history":[{"count":42,"href":"https:\/\/noisedigi.com\/en\/wp-json\/wp\/v2\/pages\/21\/revisions"}],"predecessor-version":[{"id":7879,"href":"https:\/\/noisedigi.com\/en\/wp-json\/wp\/v2\/pages\/21\/revisions\/7879"}],"wp:attachment":[{"href":"https:\/\/noisedigi.com\/en\/wp-json\/wp\/v2\/media?parent=21"}],"curies":[{"name":"wp","href":"https:\/\/api.w.org\/{rel}","templated":true}]}}